{"id":3261,"date":"2020-08-17T20:06:01","date_gmt":"2020-08-17T20:06:01","guid":{"rendered":"http:\/\/areagroup.me\/product\/villa-nikolay-240-m2\/"},"modified":"2020-08-28T18:40:03","modified_gmt":"2020-08-28T18:40:03","slug":"villa-nikolay-240-m2","status":"publish","type":"product","link":"https:\/\/areagroup.me\/tr\/urun\/villa-nikolay-240-m2\/","title":{"rendered":"Villa &#8220;Nikolay&#8221; 240 m2"},"content":{"rendered":"<h3 style=\"text-align: center;\"><strong>Villa &#8220;Nikolay&#8221; 240 m2<\/strong><\/h3>\n<p>Villa &#8220;Nikolay&#8221;, Djenovici Obshtiny Herceg Novi&#8217;nin prestijli deniz k\u00f6y\u00fcnde, denize yakla\u015f\u0131k 200 metre y\u00fcr\u00fcme mesafesinde, g\u00fczel deniz manzaras\u0131na sahip l\u00fcks ve sayg\u0131n bir konakt\u0131r.<\/p>\n<p><strong>Villa \u00fc\u00e7 kattan olu\u015fmaktad\u0131r<\/strong>.<\/p>\n<ul>\n<li><strong>\u0130ki ara\u00e7l\u0131k garajl\u0131<\/strong>, teknik odal\u0131, saunal\u0131 (projeye g\u00f6re), b\u00fcy\u00fck banyolu du\u015f, lavabo, tuvalet i\u00e7eren bodrum kat\u0131.<\/li>\n<li><strong>Zemin kat<\/strong>: Mutfak, yemek odas\u0131, ebeveyn banyo, depo odas\u0131 ve ayr\u0131ca terasa eri\u015fimi olan b\u00fcy\u00fck bir st\u00fcdyo oda (deniz manzaras\u0131, g\u00fczel ve bak\u0131ml\u0131 bah\u00e7e, barbek\u00fc alan\u0131).<\/li>\n<li><strong>\u0130kinci kat<\/strong>: \u0130kisi ayr\u0131 banyolarla (du\u015f, lavabo, tuvalet) donat\u0131lm\u0131\u015f \u00fc\u00e7 g\u00fczel yatak odas\u0131na ula\u015fabilece\u011finiz bir koridor ve panoramik deniz manzaral\u0131 b\u00fcy\u00fck bir teras.<\/li>\n<\/ul>\n<p><strong>Toplam 240 m2 alana sahip villa.\u00a0Avlu toplam 430 m2 alana sahiptir.<\/strong><\/p>\n<p><strong>Daire l\u00fcks malzemeler kullan\u0131larak tamamlanm\u0131\u015ft\u0131r:<\/strong><\/p>\n<p><img loading=\"lazy\" decoding=\"async\" class=\"alignnone wp-image-538\" src=\"https:\/\/areagroup.me\/wp-content\/uploads\/2020\/07\/ok.png\" alt=\"\" width=\"20\" height=\"20\" \/> Do\u011fal ah\u015fap pencereler (i\u00e7eriden) ve al\u00fcminyum par\u00e7alar,<br \/><img loading=\"lazy\" decoding=\"async\" class=\"alignnone wp-image-538\" src=\"https:\/\/areagroup.me\/wp-content\/uploads\/2020\/07\/ok.png\" alt=\"\" width=\"20\" height=\"20\" \/> \u0130talyan seramik karolar ve s\u0131hhi tesisat,<br \/><img loading=\"lazy\" decoding=\"async\" class=\"alignnone wp-image-538\" src=\"https:\/\/areagroup.me\/wp-content\/uploads\/2020\/07\/ok.png\" alt=\"\" width=\"20\" height=\"20\" \/> &#8220;Venedik&#8221; s\u0131va ile duvar dekorasyonu,<br \/><img loading=\"lazy\" decoding=\"async\" class=\"alignnone wp-image-538\" src=\"https:\/\/areagroup.me\/wp-content\/uploads\/2020\/07\/ok.png\" alt=\"\" width=\"20\" height=\"20\" \/> Parke ve do\u011fal ah\u015fap kap\u0131lar,<br \/><img loading=\"lazy\" decoding=\"async\" class=\"alignnone wp-image-538\" src=\"https:\/\/areagroup.me\/wp-content\/uploads\/2020\/07\/ok.png\" alt=\"\" width=\"20\" height=\"20\" \/> Yerden \u0131s\u0131tma,<br \/><img loading=\"lazy\" decoding=\"async\" class=\"alignnone wp-image-538\" src=\"https:\/\/areagroup.me\/wp-content\/uploads\/2020\/07\/ok.png\" alt=\"\" width=\"20\" height=\"20\" \/> Dekoratif asma tavan ve gizli ayd\u0131nlatmalar,<br \/><img loading=\"lazy\" decoding=\"async\" class=\"alignnone wp-image-538\" src=\"https:\/\/areagroup.me\/wp-content\/uploads\/2020\/07\/ok.png\" alt=\"\" width=\"20\" height=\"20\" \/> \u0130nternet \u00fczerinden kontroll\u00fc &#8220;Ak\u0131ll\u0131 Ev&#8221; sistemi,<br \/><img loading=\"lazy\" decoding=\"async\" class=\"alignnone wp-image-538\" src=\"https:\/\/areagroup.me\/wp-content\/uploads\/2020\/07\/ok.png\" alt=\"\" width=\"20\" height=\"20\" \/> Yatak odalar\u0131nda bambu parke,<br \/><img loading=\"lazy\" decoding=\"async\" class=\"alignnone wp-image-538\" src=\"https:\/\/areagroup.me\/wp-content\/uploads\/2020\/07\/ok.png\" alt=\"\" width=\"20\" height=\"20\" \/> Split klima sistemi,<br \/><img loading=\"lazy\" decoding=\"async\" class=\"alignnone wp-image-538\" src=\"https:\/\/areagroup.me\/wp-content\/uploads\/2020\/07\/ok.png\" alt=\"\" width=\"20\" height=\"20\" \/> Elektrikli panjurlar.<\/p>\n<p><strong>En yak\u0131n lokasyonlar<\/strong><\/p>\n<p><img loading=\"lazy\" decoding=\"async\" class=\"alignnone wp-image-538\" src=\"https:\/\/areagroup.me\/wp-content\/uploads\/2020\/07\/ok.png\" alt=\"\" width=\"20\" height=\"20\" \/> Tivat Havaalan\u0131 &#8211; 20 km,<br \/><img loading=\"lazy\" decoding=\"async\" class=\"alignnone wp-image-538\" src=\"https:\/\/areagroup.me\/wp-content\/uploads\/2020\/07\/ok.png\" alt=\"\" width=\"20\" height=\"20\" \/> Cilipi Havaalan\u0131 (Dubrovnik, H\u0131rvatistan) &#8211; 30 km.<\/p>\n<p><strong>Turist merkezleri<\/strong><\/p>\n<p><img loading=\"lazy\" decoding=\"async\" class=\"alignnone wp-image-538\" src=\"https:\/\/areagroup.me\/wp-content\/uploads\/2020\/07\/ok.png\" alt=\"\" width=\"20\" height=\"20\" \/> Dubrovnik (H\u0131rvatistan) &#8211; 30 km,<br \/><img loading=\"lazy\" decoding=\"async\" class=\"alignnone wp-image-538\" src=\"https:\/\/areagroup.me\/wp-content\/uploads\/2020\/07\/ok.png\" alt=\"\" width=\"20\" height=\"20\" \/> Trebinje (Bosna Hersek) &#8211; 39 km,<br \/><img loading=\"lazy\" decoding=\"async\" class=\"alignnone wp-image-538\" src=\"https:\/\/areagroup.me\/wp-content\/uploads\/2020\/07\/ok.png\" alt=\"\" width=\"20\" height=\"20\" \/> Kotor &#8211; 44 km.<\/p>\n<h3 style=\"text-align: center;\">Bu villan\u0131n fiyat\u0131 620 000 euro<\/h3>\n","protected":false},"excerpt":{"rendered":"<p>Villa &#8220;Nikolay&#8221; 240 m2 Villa &#8220;Nikolay&#8221;, Djenovici Obshtiny Herceg Novi&#8217;nin prestijli deniz k\u00f6y\u00fcnde, denize yakla\u015f\u0131k 200 metre y\u00fcr\u00fcme mesafesinde, g\u00fczel deniz manzaras\u0131na sahip l\u00fcks ve sayg\u0131n bir konakt\u0131r. Villa \u00fc\u00e7 kattan olu\u015fmaktad\u0131r. \u0130ki ara\u00e7l\u0131k garajl\u0131, teknik odal\u0131, saunal\u0131 (projeye g\u00f6re), b\u00fcy\u00fck banyolu du\u015f, lavabo, tuvalet i\u00e7eren bodrum kat\u0131. Zemin kat: Mutfak, yemek odas\u0131, ebeveyn banyo, [&#8230;]\n","protected":false},"featured_media":3273,"template":"","meta":[],"product_brand":[],"product_cat":[108],"product_tag":[109,104],"class_list":{"0":"post-3261","1":"product","2":"type-product","3":"status-publish","4":"has-post-thumbnail","6":"product_cat-villalar-evler","7":"product_tag-djenovici-tr","8":"product_tag-herceg-novi-tr","10":"first","11":"instock","12":"shipping-taxable","13":"purchasable","14":"product-type-simple"},"_links":{"self":[{"href":"https:\/\/areagroup.me\/tr\/wp-json\/wp\/v2\/product\/3261","targetHints":{"allow":["GET"]}}],"collection":[{"href":"https:\/\/areagroup.me\/tr\/wp-json\/wp\/v2\/product"}],"about":[{"href":"https:\/\/areagroup.me\/tr\/wp-json\/wp\/v2\/types\/product"}],"wp:featuredmedia":[{"embeddable":true,"href":"https:\/\/areagroup.me\/tr\/wp-json\/wp\/v2\/media\/3273"}],"wp:attachment":[{"href":"https:\/\/areagroup.me\/tr\/wp-json\/wp\/v2\/media?parent=3261"}],"wp:term":[{"taxonomy":"product_brand","embeddable":true,"href":"https:\/\/areagroup.me\/tr\/wp-json\/wp\/v2\/product_brand?post=3261"},{"taxonomy":"product_cat","embeddable":true,"href":"https:\/\/areagroup.me\/tr\/wp-json\/wp\/v2\/product_cat?post=3261"},{"taxonomy":"product_tag","embeddable":true,"href":"https:\/\/areagroup.me\/tr\/wp-json\/wp\/v2\/product_tag?post=3261"}],"curies":[{"name":"wp","href":"https:\/\/api.w.org\/{rel}","templated":true}]}}