{"id":3162,"date":"2020-08-12T12:18:56","date_gmt":"2020-08-12T12:18:56","guid":{"rendered":"http:\/\/areagroup.me\/product\/lux-daire-105-m2\/"},"modified":"2020-08-28T23:09:47","modified_gmt":"2020-08-28T23:09:47","slug":"luks-daire-105-m2","status":"publish","type":"product","link":"https:\/\/areagroup.me\/tr\/urun\/luks-daire-105-m2\/","title":{"rendered":"L\u00dcKS daire 105 m2 &#8211; Villa &#8220;Anna&#8221;"},"content":{"rendered":"<div class=\"row\"  id=\"row-535722800\">\n\n\t<div id=\"col-496046273\" class=\"col small-12 large-12\"  >\n\t\t\t\t<div class=\"col-inner\"  >\n\t\t\t\n\t\t\t\n<p>Modern kompleks Villa &#8220;ANNA&#8221;, Herceg Novi&#8217;nin en elveri\u015fli b\u00f6lgelerinden birinde yer almaktad\u0131r. D\u00fcz bir arazi \u00fczerinde ve denize sadece 150 metre mesafede bulunan \u015fehirdeki tek konut kompleksidir.<br \/>\nBinada video g\u00f6zetim kameralar\u0131, her dairede video telefon (interkom), uydu anteni ve y\u00fcksek h\u0131zl\u0131 internet bulunmaktad\u0131r.<\/p>\n<p>Konuklar i\u00e7in yer alt\u0131 garaj\u0131 ve otopark bulunmaktad\u0131r. Kompleksin bir avlu, oyun alan\u0131, dinlenme alan\u0131 i\u00e7eren kendi b\u00f6lgesi vard\u0131r.<br \/>\nT\u00fcm tesisin in\u015fas\u0131 s\u0131ras\u0131nda, &#8221; Area Group &#8221; olarak en son sismik g\u00fcvenlik teknolojilerini (y\u00fczer platform prensibi) ve birinci s\u0131n\u0131f in\u015faat malzemelerini uygulamaktay\u0131z.<\/p>\n\t\t<\/div>\n\t\t\t\t\t<\/div>\n\n\t\n<\/div>\n<div class=\"row\"  id=\"row-557378690\">\n\n\t<div id=\"col-248271463\" class=\"col medium-6 small-12 large-6\"  >\n\t\t\t\t<div class=\"col-inner\"  >\n\t\t\t\n\t\t\t\n<h3>Daire l\u00fcks malzemeler kullan\u0131larak tamamlanm\u0131\u015ft\u0131r:<\/h3>\n<p><img loading=\"lazy\" decoding=\"async\" class=\"alignnone wp-image-538\" src=\"https:\/\/areagroup.me\/wp-content\/uploads\/2020\/07\/ok.png\" alt=\"\" width=\"20\" height=\"20\" \/> Do\u011fal ah\u015fap pencereler (i\u00e7eriden) ve al\u00fcminyum par\u00e7alar,<br \/><img loading=\"lazy\" decoding=\"async\" class=\"alignnone wp-image-538\" src=\"https:\/\/areagroup.me\/wp-content\/uploads\/2020\/07\/ok.png\" alt=\"\" width=\"20\" height=\"20\" \/> \u0130talyan seramik karolar ve s\u0131hhi tesisat,<br \/><img loading=\"lazy\" decoding=\"async\" class=\"alignnone wp-image-538\" src=\"https:\/\/areagroup.me\/wp-content\/uploads\/2020\/07\/ok.png\" alt=\"\" width=\"20\" height=\"20\" \/> &#8220;Venedik&#8221; s\u0131va ile duvar dekorasyonu,<br \/><img loading=\"lazy\" decoding=\"async\" class=\"alignnone wp-image-538\" src=\"https:\/\/areagroup.me\/wp-content\/uploads\/2020\/07\/ok.png\" alt=\"\" width=\"20\" height=\"20\" \/> Parke ve do\u011fal ah\u015fap kap\u0131lar,<br \/><img loading=\"lazy\" decoding=\"async\" class=\"alignnone wp-image-538\" src=\"https:\/\/areagroup.me\/wp-content\/uploads\/2020\/07\/ok.png\" alt=\"\" width=\"20\" height=\"20\" \/> Yerden \u0131s\u0131tma,<br \/><img loading=\"lazy\" decoding=\"async\" class=\"alignnone wp-image-538\" src=\"https:\/\/areagroup.me\/wp-content\/uploads\/2020\/07\/ok.png\" alt=\"\" width=\"20\" height=\"20\" \/> Dekoratif asma tavan ve gizli ayd\u0131nlatmalar,<br \/><img loading=\"lazy\" decoding=\"async\" class=\"alignnone wp-image-538\" src=\"https:\/\/areagroup.me\/wp-content\/uploads\/2020\/07\/ok.png\" alt=\"\" width=\"20\" height=\"20\" \/> \u0130nternet \u00fczerinden kontroll\u00fc &#8220;Ak\u0131ll\u0131 Ev&#8221; sistemi,<br \/><img loading=\"lazy\" decoding=\"async\" class=\"alignnone wp-image-538\" src=\"https:\/\/areagroup.me\/wp-content\/uploads\/2020\/07\/ok.png\" alt=\"\" width=\"20\" height=\"20\" \/> Yatak odalar\u0131nda bambu parke,<br \/><img loading=\"lazy\" decoding=\"async\" class=\"alignnone wp-image-538\" src=\"https:\/\/areagroup.me\/wp-content\/uploads\/2020\/07\/ok.png\" alt=\"\" width=\"20\" height=\"20\" \/> Split klima sistemi, \u00a0elektrikli panjurlar.<\/p>\n<h3>En yak\u0131n lokasyonlar :<\/h3>\n<p><img loading=\"lazy\" decoding=\"async\" class=\"alignnone wp-image-538\" src=\"https:\/\/areagroup.me\/wp-content\/uploads\/2020\/07\/ok.png\" alt=\"\" width=\"20\" height=\"20\" \/> Tivat Havaalan\u0131 &#8211; 20 km,<br \/><img loading=\"lazy\" decoding=\"async\" class=\"alignnone wp-image-538\" src=\"https:\/\/areagroup.me\/wp-content\/uploads\/2020\/07\/ok.png\" alt=\"\" width=\"20\" height=\"20\" \/> Cilipi Havaalan\u0131 (Dubrovnik, H\u0131rvatistan) &#8211; 30 km<\/p>\n<h3>Turistik merkezler:<\/h3>\n<p><img loading=\"lazy\" decoding=\"async\" class=\"alignnone wp-image-538\" src=\"https:\/\/areagroup.me\/wp-content\/uploads\/2020\/07\/ok.png\" alt=\"\" width=\"20\" height=\"20\" \/> Dubrovnik (H\u0131rvatistan) &#8211; 30 km<br \/><img loading=\"lazy\" decoding=\"async\" class=\"alignnone wp-image-538\" src=\"https:\/\/areagroup.me\/wp-content\/uploads\/2020\/07\/ok.png\" alt=\"\" width=\"20\" height=\"20\" \/> Trebinje (Bosna Hersek) &#8211; 39 km<br \/><img loading=\"lazy\" decoding=\"async\" class=\"alignnone wp-image-538\" src=\"https:\/\/areagroup.me\/wp-content\/uploads\/2020\/07\/ok.png\" alt=\"\" width=\"20\" height=\"20\" \/> Kotor &#8211; 44 km<\/p>\n\t\t<\/div>\n\t\t\t\t\t<\/div>\n\n\t\n\n\t<div id=\"col-1924252086\" class=\"col medium-6 small-12 large-6\"  >\n\t\t\t\t<div class=\"col-inner\"  >\n\t\t\t\n\t\t\t\n<h3 style=\"text-align: left;\"><strong>L\u00dcKS<\/strong><strong> daire<\/strong><\/h3>\n<p><img loading=\"lazy\" decoding=\"async\" class=\"alignnone wp-image-538\" src=\"https:\/\/areagroup.me\/wp-content\/uploads\/2020\/07\/ok.png\" alt=\"\" width=\"20\" height=\"20\" \/>L\u00dcKS\u00a0daire 105 m2 alana sahiptir,<br \/>\n<img loading=\"lazy\" decoding=\"async\" class=\"alignnone wp-image-538\" src=\"https:\/\/areagroup.me\/wp-content\/uploads\/2020\/07\/ok.png\" alt=\"\" width=\"20\" height=\"20\" \/> (84m2) iki yatak odas\u0131,<br \/>\n<img loading=\"lazy\" decoding=\"async\" class=\"alignnone wp-image-538\" src=\"https:\/\/areagroup.me\/wp-content\/uploads\/2020\/07\/ok.png\" alt=\"\" width=\"20\" height=\"20\" \/> Bir ankastre mutfak, oturma odas\u0131,<br \/>\n<img loading=\"lazy\" decoding=\"async\" class=\"alignnone wp-image-538\" src=\"https:\/\/areagroup.me\/wp-content\/uploads\/2020\/07\/ok.png\" alt=\"\" width=\"20\" height=\"20\" \/> iki tuvalet ve misafir tuvaleti, art\u0131 bir teras (21m2),<br \/>\n<img loading=\"lazy\" decoding=\"async\" class=\"alignnone wp-image-538\" src=\"https:\/\/areagroup.me\/wp-content\/uploads\/2020\/07\/ok.png\" alt=\"\" width=\"20\" height=\"20\" \/> Rahat ve konforlu bir \u015fekilde vakit ge\u00e7irmenizi sa\u011flayacak dairenin fonksiyonel d\u00fczeni, misafirleriniz ve ailenizle birlikte dinlenebileceginiz \u00f6<br \/>\n<img loading=\"lazy\" decoding=\"async\" class=\"alignnone wp-image-538\" src=\"https:\/\/areagroup.me\/wp-content\/uploads\/2020\/07\/ok.png\" alt=\"\" width=\"20\" height=\"20\" \/> Ayr\u0131ca geni\u015f oturma odas\u0131 birka\u00e7 b\u00f6lgeye ayr\u0131lm\u0131\u015ft\u0131r: (oturma alan\u0131 ve mutfak-yemek odas\u0131).<\/p>\n\t\t<\/div>\n\t\t\t\t\t<\/div>\n\n\t\n<\/div>\n<div class=\"row\"  id=\"row-1473325844\">\n\n\t<div id=\"col-245611351\" class=\"col small-12 large-12\"  >\n\t\t\t\t<div class=\"col-inner\"  >\n\t\t\t\n\t\t\t\n<div dir=\"ltr\" style=\"text-align: center;\">\n<p>Fiyata Gorenje aletleriyle donat\u0131lm\u0131\u015f \u0130talyan mutfa\u011f\u0131 ve yer alt\u0131 garaj\u0131nda \u200b\u200b\u00f6zel park yeri dahildir.<\/p>\n<p>Kompleks, y\u0131l boyunca \u015fehir altyap\u0131s\u0131na sahip bir b\u00f6lgede yer almaktad\u0131r. Denize uzakl\u0131\u011f\u0131 150 metredir. Yak\u0131nlarda 6 km uzunlu\u011funda bir gezinti yeri vard\u0131r. Yatlar i\u00e7in yeni bir marina, \u00e7e\u015fitli \u00fcr\u00fcnleri bar\u0131nd\u0131ran birka\u00e7 s\u00fcpermarket, f\u0131r\u0131nlar, kafeler, restoranlar, hastane, \u00e7ocuk kafesi vb.<\/p>\n<p>Herceg Novi&#8217;nin tarihi merkezine uzakl\u0131k 1,5 km&#8217;dir (taksinin fiyat\u0131 yakla\u015f\u0131k 3 Euro&#8217;dur).<\/p>\n<p>Binan\u0131n servis, bak\u0131m ve y\u00f6netimi ofisleri, kompleksin arazisinde bulunan yat\u0131r\u0131mc\u0131 \u015firket taraf\u0131ndan ger\u00e7ekle\u015ftirilir. Hizmetin fiyat\u0131 1 metrekare i\u00e7in 8,40 \u20ac olarak belirlenmi\u015ftir. \u00a0Y\u0131ll\u0131k maaliyet bu birim fiyat \u00fczerinden dairenin toplam alan\u0131 ile \u00e7arp\u0131l\u0131r.<\/p>\n<h3>Bu dairenin fiyat\u0131 220.000 euro.<\/h3>\n<\/div>\n\t\t<\/div>\n\t\t\t\t\t<\/div>\n\n\t\n<\/div>\n","protected":false},"excerpt":{"rendered":"","protected":false},"featured_media":3336,"template":"","meta":[],"product_brand":[],"product_cat":[103],"product_tag":[105,104,112],"class_list":{"0":"post-3162","1":"product","2":"type-product","3":"status-publish","4":"has-post-thumbnail","6":"product_cat-stanovi-apartmani-tr","7":"product_tag-anna-tr","8":"product_tag-herceg-novi-tr","9":"product_tag-meljine-tr","11":"first","12":"instock","13":"shipping-taxable","14":"purchasable","15":"product-type-simple"},"_links":{"self":[{"href":"https:\/\/areagroup.me\/tr\/wp-json\/wp\/v2\/product\/3162","targetHints":{"allow":["GET"]}}],"collection":[{"href":"https:\/\/areagroup.me\/tr\/wp-json\/wp\/v2\/product"}],"about":[{"href":"https:\/\/areagroup.me\/tr\/wp-json\/wp\/v2\/types\/product"}],"wp:featuredmedia":[{"embeddable":true,"href":"https:\/\/areagroup.me\/tr\/wp-json\/wp\/v2\/media\/3336"}],"wp:attachment":[{"href":"https:\/\/areagroup.me\/tr\/wp-json\/wp\/v2\/media?parent=3162"}],"wp:term":[{"taxonomy":"product_brand","embeddable":true,"href":"https:\/\/areagroup.me\/tr\/wp-json\/wp\/v2\/product_brand?post=3162"},{"taxonomy":"product_cat","embeddable":true,"href":"https:\/\/areagroup.me\/tr\/wp-json\/wp\/v2\/product_cat?post=3162"},{"taxonomy":"product_tag","embeddable":true,"href":"https:\/\/areagroup.me\/tr\/wp-json\/wp\/v2\/product_tag?post=3162"}],"curies":[{"name":"wp","href":"https:\/\/api.w.org\/{rel}","templated":true}]}}