{"id":4188,"date":"2021-04-26T19:10:44","date_gmt":"2021-04-26T19:10:44","guid":{"rendered":"http:\/\/areagroup.me\/karadag-ekonomik-vatandasligi\/"},"modified":"2021-04-27T11:19:16","modified_gmt":"2021-04-27T11:19:16","slug":"karadag-ekonomik-vatandasligi","status":"publish","type":"page","link":"https:\/\/areagroup.me\/tr\/karadag-ekonomik-vatandasligi\/","title":{"rendered":"Karada\u011f Ekonomik Vatanda\u015fl\u0131\u011f\u0131"},"content":{"rendered":"\n\n\n\n  <div class=\"banner has-hover\" id=\"banner-1987194951\">\n          <div class=\"banner-inner fill\">\n        <div class=\"banner-bg fill\" >\n            <img loading=\"lazy\" decoding=\"async\" width=\"600\" height=\"466\" src=\"https:\/\/areagroup.me\/wp-content\/uploads\/2020\/07\/Budva-2.jpg\" class=\"bg attachment-large size-large\" alt=\"\" \/>                        <div class=\"overlay\"><\/div>            \n                    <\/div>\n\t\t\n        <div class=\"banner-layers container\">\n            <div class=\"fill banner-link\"><\/div>            \n\n   <div id=\"text-box-2107054333\" class=\"text-box banner-layer x50 md-x50 lg-x50 y50 md-y50 lg-y50 res-text\">\n                                <div class=\"text-box-content text dark\">\n              \n              <div class=\"text-inner text-center\">\n                  \n\n<h3><b><span lang=\"EN-US\">KARADA\u011e&#8217;IN EKONOMIK VATANDA\u015eLI\u011eI\u00a0<\/span><\/b><\/h3>\n\n              <\/div>\n           <\/div>\n                            \n<style>\n#text-box-2107054333 {\n  width: 48%;\n}\n#text-box-2107054333 .text-box-content {\n  font-size: 100%;\n}\n<\/style>\n    <\/div>\n \n\n        <\/div>\n      <\/div>\n\n            \n<style>\n#banner-1987194951 {\n  padding-top: 300px;\n}\n#banner-1987194951 .overlay {\n  background-color: rgba(0, 0, 0, 0.59);\n}\n#banner-1987194951 .banner-bg img {\n  object-position: 23% 75%;\n}\n<\/style>\n  <\/div>\n\n\n<div class=\"row\"  id=\"row-126540571\">\n\n\n\t<div id=\"col-563028991\" class=\"col small-12 large-12\"  >\n\t\t\t\t<div class=\"col-inner\"  >\n\t\t\t\n\t\t\t\n\n<h3 style=\"text-align: center;\"><strong>Karada\u011f Ekonomik Vatanda\u015fl\u0131\u011f\u0131<\/strong><\/h3>\n<p>\u00a0<\/p>\n<p style=\"text-align: center;\"><strong>Yat\u0131r\u0131m Yoluyla Karada\u011f Vatanda\u015fl\u0131\u011f\u0131 veya \u201cKarada\u011f Ekonomik Vatanda\u015fl\u0131\u011f\u0131\u201d<\/strong><\/p>\n<p>Karada\u011f, 2018 y\u0131l\u0131ndan bu yana yat\u0131r\u0131m yoluyla yabanc\u0131lara vatanda\u015fl\u0131k verilmesi i\u00e7in bir program y\u00fcr\u00fctmektedir.<\/p>\n<p><strong>Program\u0131n <\/strong><strong>\u00d6<\/strong><strong>zellikleri:<\/strong><\/p>\n<ol>\n<li>Yat\u0131r\u0131m miktar\u0131: 450 bin Euro\u2019dan;Karada\u011f&#8217;\u0131n geli\u015fmi\u015f b\u00f6lgelerinde \u00f6zel projelere yat\u0131r\u0131mlar, 250 bin Eurodan;\u00fclkenin di\u011fer b\u00f6lgelerinde daha geri geli\u015fme g\u00f6steren projelere yat\u0131r\u0131m. Ayr\u0131ca, yat\u0131r\u0131mc\u0131 \u00fclkenin kalk\u0131nmas\u0131 i\u00e7in Karada\u011f h\u00fck\u00fcmet fonuna 100 bin Euro ba\u011f\u0131\u015f yapmakla y\u00fck\u00fcml\u00fcd\u00fcr,<\/li>\n<li>Basitle\u015ftirilmi\u015f sistem kapsam\u0131nda belge, yabanc\u0131lar i\u00e7in yat\u0131r\u0131m program\u0131n\u0131n ba\u015flang\u0131\u00e7 \u200b\u200btarihinden itibaren \u00fc\u00e7 y\u0131l i\u00e7inde \u00e7\u0131kar\u0131lacakt\u0131r,<\/li>\n<li>Program, \u00fclke ekonomisine yat\u0131r\u0131m yapan ilk 2000 ki\u015fiye \/ ba\u015fvuru sahibine vatanda\u015fl\u0131k verilmesini sa\u011flar,<\/li>\n<li>Program 31 Aral\u0131k 2021&#8217;e kadar devam edecek,<\/li>\n<\/ol>\n<p><a href=\"https:\/\/migronis.com\/grazhdanstvo-chernogorii?utm_source=forbes&#038;utm_medium=forbes_montenegro&#038;utm_campaign=forbes_montenegro_program\">&#8220;Yat\u0131r\u0131m Yoluyla Karada\u011f Vatanda\u015fl\u0131k&#8221;<\/a> program\u0131 d\u00fcnyada 17\u2019inci &#8220;pasaport program\u0131&#8221; haline gelmi\u015ftir.<\/p>\n<p>Ana ba\u015fvuru sahibine ek olarak, yat\u0131r\u0131mc\u0131n\u0131n birinci derece akrabalar\u0131 pasaport alabilir: e\u015f, 26 ya\u015f alt\u0131 \u00e7ocuklar, 65 ya\u015f \u00fcst\u00fc ebeveynler. Evrak i\u015flemlerinin tamam\u0131 alt\u0131 aya kadar s\u00fcrer. Vatanda\u015fl\u0131k \u00f6m\u00fcr boyu verilir.<\/p>\n<p>Son zamanlarda daha \u00e7ok, varl\u0131kl\u0131 Ruslar yat\u0131r\u0131mc\u0131lar, yat\u0131r\u0131mlar\u0131 kar\u015f\u0131l\u0131\u011f\u0131nda pasaport al\u0131yor. Global Wealth Migration Review 2018 taraf\u0131ndan yap\u0131lan bir ara\u015ft\u0131rmaya g\u00f6re, 3.000 Dolar milyoneri 2017&#8217;de Rusya&#8217;dan ayr\u0131ld\u0131. \u00c7o\u011fu ABD, \u0130ngiltere, Portekiz ve K\u0131br\u0131s&#8217;a g\u00f6\u00e7 etti.<\/p>\n<p>24 Haziran 2020 itibar\u0131yla Karada\u011f&#8217;\u0131n ilk ekonomik pasaportu, ad\u0131 gizli tutulan bir Rus vatanda\u015f\u0131na verildi. \u00dclkenin karantina sonras\u0131 s\u0131n\u0131rlar\u0131n\u0131 a\u00e7ar a\u00e7maz, \u00fclkeyi ilk ziyaret eden, gerekli biyometrik verileri g\u00f6nderen ve pasaportunu teslim alan bir Rus vatanda\u015f\u0131 oldu\u011fu kaydedildi. Karada\u011f makamlar\u0131 \u00e7ok say\u0131da ba\u015fvuruyu onaylad\u0131, ancak salg\u0131n nedeniyle s\u0131n\u0131rlar kapat\u0131ld\u0131 ve insanlar belgelerini alamad\u0131.<\/p>\n<p style=\"text-align: center;\"><strong>Karada\u011f Ekonomik Pasaportunun Maliyeti Nedir?<\/strong><\/p>\n<p>Bir Karada\u011f pasaportu almak i\u00e7in, yat\u0131r\u0131mc\u0131n\u0131n iki yat\u0131r\u0131m gereksinimini yerine getirmesi gerekir:<\/p>\n<ol>\n<li>Bir devlet fonuna para ba\u011f\u0131\u015flama &#8211; 100.000 \u20ac.<\/li>\n<li>\u0130ki se\u00e7enekten birini se\u00e7erek gayrimenkul sat\u0131n al\u0131n (tatil yer gibi bir geli\u015fim projesine yat\u0131r\u0131m yap\u0131n)<\/li>\n<\/ol>\n<ul>\n<li>G\u00fcneyde 450.000 \u20ac de\u011ferinde bir projeye yat\u0131r\u0131m yapin (sahil kesimi),<\/li>\n<li>Kuzeyde 250.000 \u20ac de\u011ferinde bir projeye yat\u0131r\u0131m yap\u0131n (kayak merkezleri).<\/li>\n<\/ul>\n<p><strong>Toplam:<\/strong> Karada\u011f&#8217;\u0131n g\u00fcneyimde gayrimenkul al\u0131m\u0131 i\u00e7in minimum yat\u0131r\u0131m tutar\u0131 550.000 \u20ac ve kuzeyde 350.000 \u20ac &#8216;dur.<\/p>\n<p style=\"text-align: center;\"><strong>BA\u015eVURU SAH\u0130B\u0130 i\u00c7iN GEREKL\u0130L\u0130KLER<\/strong><\/p>\n<p>&#8211; \u00a0Program kapsam\u0131nda sat\u0131n al\u0131nan gayrimenkul\u00fcn 5 y\u0131l s\u00fcreyle sahip olunmas\u0131 gerekmektedir.<\/p>\n<p>&#8211; Vatanda\u015fl\u0131k ba\u015fvurusu s\u0131ras\u0131nda Karada\u011f&#8217;da oturum iznine sahip olman\u0131za gerek olmad\u0131\u011f\u0131n\u0131 unutmay\u0131n,<\/p>\n<p>&#8211; Yerel dili (Karada\u011fca) bilmenize gerek yoktur,<\/p>\n<p>&#8211; Yetkililerin, vatanda\u015f stat\u00fcs\u00fcn\u00fc korumak i\u00e7in Karada\u011f&#8217;da ikamet etme zorunlulu\u011fu yoktur,<\/p>\n<p>&#8211; Ba\u015fvurunun onaylanmas\u0131ndan sonra biyometrik verileri g\u00f6ndermek ve pasaport almak i\u00e7in Karada\u011f&#8217;a gelmeniz gerekmektedir.<\/p>\n<p style=\"text-align: center;\"><strong>Karada\u011f Ekonomik Pasaportunun Avantajlar\u0131<\/strong><\/p>\n<p>Karadag\u2019\u0131n g\u00f6\u00e7menlik program\u0131n\u0131n \u00f6nemli avantajlar\u0131 var:<\/p>\n<ol>\n<li>Karada\u011f pasaportu bankalar i\u00e7in uygundur. Bir Karada\u011f vatanda\u015f\u0131, geli\u015fmi\u015f Avrupa bankalar\u0131nda kolayca hesap a\u00e7abilir.<\/li>\n<li>Gayrimenkul talebi resmi olmayan verilere g\u00f6re, Ruslar\u0131n \u00fclkede 30.000&#8217;den fazla gayrimenkul sat\u0131n ald\u0131\u011f\u0131 y\u00f6n\u00fcnde,<\/li>\n<li>Bir Karada\u011f vatanda\u015f\u0131 Amerika Birle\u015fik Devletleri&#8217;ne E-2 vizesi alabilir. Bu t\u00fcr vize Rusya Federasyonu vatanda\u015flar\u0131 i\u00e7in mevcut de\u011fildir. E-2, yat\u0131r\u0131mc\u0131lar\u0131n Amerika Birle\u015fik Devletleri&#8217;nde ya\u015famas\u0131na ve \u00e7al\u0131\u015fmas\u0131na izin veren bir ticari vizedir. 2018&#8217;de 41.000&#8217;den fazla bu t\u00fcr vize verilmi\u015ftir,<\/li>\n<li>Karada\u011f&#8217;\u0131n AB&#8217;ye kat\u0131l\u0131m beklentileri: Karada\u011f&#8217;\u0131n 2025 y\u0131l\u0131nda Avrupa Birli\u011fi \u00fcyesi olmas\u0131 beklenmektedir,<\/li>\n<li>125 \u00fclkeye vizesiz seyahat,<\/li>\n<li>D\u00fc\u015f\u00fck kurumlar (gelir) vergisi (oran, vergi matrah\u0131n\u0131n% 9&#8217;udur).<\/li>\n<li>Ayr\u0131ca farkl\u0131 bir avantaj da yerle\u015fik olmayanlar i\u00e7in gelir vergisi, hibe vergisi ve miras vergisi olmamas\u0131d\u0131r,<\/li>\n<li>Son olarak, finansal olarak yat\u0131r\u0131mc\u0131ya ba\u011f\u0131ml\u0131 olan \u00e7ocuklar, ebeveynleri ile vatanda\u015fl\u0131k alabilirler.<\/li>\n<\/ol>\n<p>Yat\u0131r\u0131m yoluyla Karada\u011f vatanda\u015fl\u0131\u011f\u0131 almak isteyenlerin yaln\u0131zca devlet onayl\u0131 projeler listesinden se\u00e7im yapabilece\u011fini l\u00fctfen unutmay\u0131n. Dahas\u0131, bir ki\u015finin yat\u0131r\u0131m yapabilmesi, bir ba\u015fvuruyu doldurabilmesi ve vatanda\u015fl\u0131k i\u00e7in ba\u015fvurabilmesi i\u00e7in projeler sonuna kadar olduk\u00e7a karma\u015f\u0131k bir onay s\u00fcrecinden ge\u00e7melidir.<\/p>\n<p>Karada\u011f&#8217;daki uzmanlar\u0131m\u0131z durumu s\u00fcrekli takip ediyor, isteklerinizi bekliyoruz ve t\u00fcm sorular\u0131n\u0131z\u0131 memnuniyetle cevaplayaca\u011f\u0131z.<\/p>\n<div class=\"container section-title-container\" ><h3 class=\"section-title section-title-center\"><b><\/b><span class=\"section-title-main\" >HABER<\/span><b><\/b><\/h3><\/div>\n\n<div class=\"is-divider divider clearfix\" style=\"max-width:1100px;\"><\/div>\n\n<p><span style=\"background-color: #fcfcfc; color: #ed1c24;\"><strong>24.07.2020<\/strong><\/span><\/p>\n<h3><strong>Karada\u011f pasaportu, apart otelde daire sat\u0131n alarak da elde edilebilir<\/strong><\/h3>\n<p>Karma i\u015f modelinde olan ve kalk\u0131nma projeleri listesinde yer alan bir apartman dairesi veya otelde bir daire sat\u0131n al\u0131nmas\u0131, h\u00fck\u00fcmet projesine dayal\u0131 bir Karada\u011f pasaportu alabilece\u011finiz bir yat\u0131r\u0131m olarak kabul edilir. Dolay\u0131s\u0131yla (Ekonomik vatanda\u015fl\u0131k), turizm sekt\u00f6r\u00fcndeki kalk\u0131nma projelerinin listesi \u015fu anda h\u00fck\u00fcmetin ye\u015fil \u0131\u015f\u0131k yakt\u0131\u011f\u0131 in\u015faatlar i\u00e7in yedi otel i\u00e7eriyor. Bunlardan d\u00f6rd\u00fc kat m\u00fclkiyeti oteli ilkesine, \u00fc\u00e7\u00fc ise karma bir i\u015f modeline dayanmaktad\u0131r. Daire prensibine g\u00f6re Kola\u015fin&#8217;de &#8220;Kola\u0161in Resort &amp; Spa&#8221;, &#8220;Breza&#8221;, &#8220;Bjelasica 1450 Kola\u0161in&#8221; ve &#8220;K16&#8221; olmak \u00fczere d\u00f6rt otel in\u015fa edilecek ve karma i\u015fletme modeline g\u00f6re &#8220;Boka Place&#8221; Tivat &#8220;Kralji\u010dina pla\u017ea&#8221; da in\u015fa edilecek. Zabljak&#8217;ta &#8220;Milocer&#8217;de&#8221; ve &#8220;Durmitor Otel ve Villalar\u0131&#8221;.<\/p>\n<p>Turizm yasas\u0131na g\u00f6re, apartman dairesi ile karma i\u015fletme modeli aras\u0131ndaki fark, apart oteldeki daire sahiplerinin onlar\u0131 y\u0131lda 10 ay boyunca\u00a0 kiraya vermeleri gerekti\u011fidir ve karma bir i\u015f modelinde, kiralama g\u00f6n\u00fcll\u00fc olarak yap\u0131l\u0131r..<\/p>\n<p>Tivat merkezli \u201cAdriatic Marinas&#8221; \u015firketi, d\u00fcnya medyas\u0131nda yer alan haberlere g\u00f6re in\u015faat\u0131n ancak y\u0131l sonunda ba\u015flayacak olmas\u0131na ra\u011fmen, l\u00fcks sahil turizm beldesi Porto Montenegro\u2019nun yeni bir par\u00e7as\u0131 olan Boka Place kompleksini emlak piyasas\u0131na sundu.<\/p>\n<p>H\u00fck\u00fcmetin karar\u0131na g\u00f6re, Karada\u011f pasaportu, turizm projeleri, end\u00fcstriyel sanayi ve tar\u0131ma yap\u0131lan yat\u0131r\u0131mlarla da al\u0131nabilecek. \u015eimdiye kadar, end\u00fcstriyel sanayi ve tar\u0131m sekt\u00f6rlerine yat\u0131r\u0131m i\u00e7in herhangi bir proje rapor edilmemi\u015ftir.<\/p>\n<p>Karada\u011f devleti, ekonomik vatanda\u015fl\u0131k projesi kapsam\u0131nda pasaport sat\u0131\u015f\u0131ndan bug\u00fcne kadar \u00fc\u00e7 milyon euro kazand\u0131.<\/p>\n<p>Karada\u011f&#8217;\u0131n ekonomik pasaportunu teslim alan ki\u015filerin isimleri a\u00e7\u0131klanmad\u0131. Ekonomik vatanda\u015fl\u0131k projesi kapsam\u0131nda Karada\u011f \u0130\u00e7i\u015fleri Bakanl\u0131\u011f\u0131 yabanc\u0131 vatanda\u015flara 12 pasaport \u00e7\u0131kard\u0131 ancak isimleri gizli tutuldu. \u0130lk pasaport bir Rus vatanda\u015f\u0131 taraf\u0131ndan al\u0131nd\u0131 \u200b\u200bve bu projede arabuluculuk yapan \u00fc\u00e7 lisansl\u0131 acenteden biri olan Henley &amp; Partners taraf\u0131ndan resmi olarak onayland\u0131.<\/p>\n<p>Ba\u015fbakan Yard\u0131mc\u0131s\u0131 Milutin Simovi\u0107 \u00c7ar\u015famba g\u00fcn\u00fc parlamentoda yapt\u0131\u011f\u0131 a\u00e7\u0131klamada, Karada\u011f Ekonomik Pasaportunu teslim alanlar\u0131n isimlerini, taslak sunuldu\u011funda s\u00f6z verdi\u011fi gibi \u201cKi\u015fisel Verilerin Korunmas\u0131 Hakk\u0131nda Kanun&#8217;a\u201d at\u0131fta bulunarak a\u00e7\u0131klamayaca\u011f\u0131n\u0131 s\u00f6yledi s\u00f6yledi. Simovi\u0107, &#8220;Bunlar, yat\u0131r\u0131m paralar\u0131n\u0131n kayna\u011f\u0131 legal olan ve ter\u00f6rizmle ilgili faaliyetlere kar\u0131\u015fmad\u0131klar\u0131n\u0131 teyit eden, g\u00fcvenilirli\u011fi kan\u0131tlanm\u0131\u015f \u00f6zel bir i\u015fi olan ailelerdir.&#8221;<\/p>\n<p><span lang=\"EN-US\">Kaynak:<\/span> <a href=\"https:\/\/www.vijesti.me\/vijesti\/ekonomija\/454149\/do-crnogorskog-pasosa-moze-se-doci-i-kupovinom-apartmana-u-kondo-hotelu\">https:\/\/www.vijesti.me\/vijesti\/ekonomija\/454149\/do-crnogorskog-pasosa-moze-se-doci-i-kupovinom-apartmana-u-kondo-hotelu<\/a><\/p>\n<div>\n<p><span style=\"color: #ed1c24;\"><strong><span lang=\"EN-US\">27.07.2020<\/span><\/strong><\/span><\/p>\n<\/div>\n<div>\n<p><b><span lang=\"EN-US\">Ruslar toplu halde &#8220;ekonomik pasaport&#8221; al\u0131yor: Karada\u011f talep g\u00f6ren yerler listesinde \u00fcst s\u0131ralarda<\/span><\/b><\/p>\n<\/div>\n<div>\n<p><span lang=\"EN-US\">Son aylarda, zengin Ruslar &#8220;ekonomik pasaportlar&#8221; ile giderek daha fazla ilgilenmeye ba\u015flad\u0131lar. \u201cForbes\u201d, dan\u0131\u015fmanl\u0131k \u015firketi Knight Frank\u2019i referans alarak, ki\u015filerin yat\u0131r\u0131mlar\u0131 kar\u015f\u0131l\u0131\u011f\u0131nda ba\u015fka \u00fclkelerde ikamet etmelerine olanak tan\u0131yan programlar\u0131n ciddi anlamda talep g\u00f6rd\u00fc\u011f\u00fcn\u00fc yazd\u0131.<\/span><\/p>\n<\/div>\n<div>\n<p><span lang=\"EN-US\">Analistlere g\u00f6re en b\u00fcy\u00fck talep Portekiz pasaportuna oldu. Sonras\u0131nda\u00a0 Karayip \u00fclkeleri (Grenada, Antigua ve Barbuda, Saint Kitts ve Nevis), \u00fc\u00e7\u00fcnc\u00fc s\u0131rada ise K\u0131br\u0131s ve Malta yer al\u0131yor.<\/span><\/p>\n<\/div>\n<div>\n<p><span lang=\"EN-US\">Henley &amp; Partners, Ruslar\u0131n da Karada\u011f vatanda\u015fl\u0131\u011f\u0131yla ilgilendi\u011fini belirtiyor.<\/span><\/p>\n<\/div>\n<div>\n<p><span lang=\"EN-US\">Yaln\u0131zca Temmuz ay\u0131n\u0131n ba\u015f\u0131ndan bu yana, birka\u00e7 d\u00fczine Rus vatanda\u015f\u0131 Karada\u011f pasaportu i\u00e7in ba\u015fvuruda bulundu.<\/span><\/p>\n<\/div>\n<div>\n<p><span lang=\"EN-US\">\u015eu anda, baz\u0131 &#8220;ekonomik pasaportlar&#8221; salg\u0131n \u00f6ncesinden daha ucuza sat\u0131n al\u0131nabiliyor. Turizm sezonu \u00e7ok k\u00f6t\u00fc ge\u00e7iyor ve \u00fclkeler yat\u0131r\u0131m \u00e7ekmek i\u00e7in her \u015feyi yap\u0131yor. Al\u0131nan tedbirlerden biri de ekonomik pasaport i\u00e7in gerekli yat\u0131r\u0131m tutar\u0131n\u0131 azaltmak oldu.<\/span><\/p>\n<\/div>\n<div>\n<p><span lang=\"EN-US\">&#8220;Knight Frank&#8221; in ara\u015ft\u0131rmas\u0131na g\u00f6re, Mart&#8217;tan May\u0131s&#8217;a kadar olan d\u00f6nemde \u201cekonomik pasaport&#8221; ba\u015fvuru say\u0131s\u0131 ge\u00e7en y\u0131l\u0131n ayn\u0131 d\u00f6nemine g\u00f6re% 20 artt\u0131. Beklendi\u011fi gibi, Ruslar, bir\u00e7ok \u00fclkenin s\u0131n\u0131rlar\u0131n\u0131 a\u00e7aca\u011f\u0131 ve yat\u0131r\u0131mc\u0131lar\u0131n do\u011frudan yerinde se\u00e7me f\u0131rsat\u0131na sahip olaca\u011f\u0131 Sonbahar\u2019da pasaport almaya devam edecek.<\/span><\/p>\n<\/div>\n<div>\n<p><span lang=\"EN-US\">Kaynak: <\/span><a href=\"https:\/\/rs.sputniknews.com\/rusija\/202007271123092422-rusi-masovno-kupuju-zlatne-pasose\/\"><span lang=\"EN-US\">https:\/\/rs.sputniknews.com\/rusija\/202007271123092422-rusi-masovno-kupuju-zlatne-pasose\/<\/span><\/a><\/p>\n<\/div>\n<div>\n<p><span lang=\"EN-US\">Kaynak: <\/span><a href=\"https:\/\/www.forbes.ru\/biznes\/405297-rasprodazha-zolotyh-pasportov-koronavirus-podstegnul-interes-rossiyan-k-inostrannomu\"><span lang=\"EN-US\">https:\/\/www.forbes.ru\/biznes\/405297-rasprodazha-zolotyh-pasportov-koronavirus-podstegnul-interes-rossiyan-k-inostrannomu<\/span><\/a><\/p>\n<div>\n<p><span style=\"color: #ed1c24;\"><strong>16.08.2020<\/strong><\/span><\/p>\n<\/div>\n<div>\n<p><strong>Karada\u011f&#8217;da \u201cemlak\u201d, G\u00fcney Afrikal\u0131lar aras\u0131nda en \u00e7ok arananlar aras\u0131nda<\/strong><\/p>\n<\/div>\n<div>\n<p>Sable International direkt\u00f6r\u00fcne g\u00f6re, Karada\u011f Avrupa Birli\u011fi&#8217;ne kat\u0131lmaya haz\u0131r ve \u015fu anda m\u00fclk sat\u0131n alan herhangi birinin, \u00fclke AB \u00fcyesi olursa b\u00fcy\u00fck karlar elde etmesi muhtemel.<\/p>\n<\/div>\n<div>\n<p>Sable International \u015firketinin uzmanlar\u0131na g\u00f6re Karada\u011f, Portekiz ve Malta ile birlikte, G\u00fcney Afrika&#8217;dan yurtd\u0131\u015f\u0131nda gayrimenkul yat\u0131r\u0131m\u0131 yapan yat\u0131r\u0131mc\u0131lar i\u00e7in en \u00e7ok aranan \u00fc\u00e7 Avrupa destinasyonu aras\u0131nda yer al\u0131yor.<\/p>\n<\/div>\n<div>\n<p>Sable International&#8217;\u0131n direkt\u00f6r\u00fc Andrew Risik, etnik k\u00f6ken veya evlilik gibi geleneksel yollarla ikinci bir pasaport alamayanlar\u0131n, alternatif bir pasaport alma y\u00f6ntemi olan yat\u0131r\u0131m yoluyla vatanda\u015fl\u0131k kazand\u0131klar\u0131n\u0131 s\u00f6yledi.<\/p>\n<\/div>\n<div>\n<p>&#8220;\u00c7o\u011fu al\u0131c\u0131, kendilerine ikamet, vatanda\u015fl\u0131k veya Avrupa&#8217;ya kolay eri\u015fim sunan istikrarl\u0131 bir off-shore yat\u0131r\u0131m\u0131 ar\u0131yor. Bay Risik, baz\u0131lar\u0131n\u0131n hemen harekete ge\u00e7ti\u011fini, baz\u0131lar\u0131n\u0131n da \u00fclkeyi yaln\u0131zca y\u0131lda birka\u00e7 g\u00fcn ziyaret etmelerini gerektirecek daha kolay yat\u0131r\u0131m ko\u015fullar\u0131 arad\u0131\u011f\u0131n\u0131 s\u00f6yl\u00fcyor.<\/p>\n<\/div>\n<div>\n<p>Risik, &#8220;Karada\u011f k\u00fc\u00e7\u00fck olabilir, ancak Adriyatik Denizi&#8217;ne bakan g\u00fczel manzaras\u0131, a\u00e7\u0131k hava ya\u015fam tarz\u0131, ola\u011fan\u00fcst\u00fc k\u00f6yleri, dost canl\u0131s\u0131 ve misafirperver halk\u0131yla sunabilece\u011fi \u00e7ok \u015fey var.&#8221; diyor.<\/p>\n<\/div>\n<div>\n<p>Mali a\u00e7\u0131dan bak\u0131ld\u0131\u011f\u0131nda, Karada\u011f&#8217;\u0131n Avrupa Birli\u011fi&#8217;ne kat\u0131lmaya haz\u0131r oldu\u011funu ve \u015fu anda m\u00fclk sat\u0131n alan herkesin, \u00fclkenin AB \u00fcyesi olmas\u0131 durumunda b\u00fcy\u00fck karlar elde edece\u011fini de ekliyor.<\/p>\n<\/div>\n<div>\n<p>&#8220;Covid-19 ile ilgili durumun d\u0131\u015f\u0131nda, Karada\u011f pop\u00fcler bir turizm destinasyonu olarak listeleniyor ve b\u00fcy\u00fck \u00f6l\u00e7\u00fcde ticari yat\u0131r\u0131mlara odaklan\u0131yor. M\u00fclk yat\u0131r\u0131mlar\u0131 vatanda\u015fl\u0131\u011fa do\u011frudan bir yol sunuyor.&#8221;<\/p>\n<\/div>\n<div>\n<p>Karada\u011f ekonomik vatanda\u015fl\u0131k program\u0131 i\u00e7in, ba\u015fvuru sahiplerinin \u00fclkedeki onayl\u0131 projelere yat\u0131r\u0131m yapmalar\u0131 gerekiyor ve yat\u0131r\u0131m\u0131n faydalar\u0131 aras\u0131nda Karada\u011f&#8217;da ya\u015fama, \u00e7al\u0131\u015fma, \u00f6\u011frenim ve 120&#8217;den fazla \u00fclkeye vizesiz seyahat etme f\u0131rsat\u0131 yer al\u0131yor, IOL portal\u0131n\u0131 hat\u0131rlat\u0131yor.<\/p>\n<\/div>\n<div>\n<p><span lang=\"EN-US\">Kaynak: <\/span><a href=\"https:\/\/www.vijesti.me\/vijesti\/ekonomija\/460849\/nekretnine-u-crnoj-gori-medju-najatraktivnijim-za-investitore-iz-juzne-afrike\"><span lang=\"EN-US\">https:\/\/www.vijesti.me\/vijesti\/ekonomija\/460849\/nekretnine-u-crnoj-gori-medju-najatraktivnijim-za-investitore-iz-juzne-afrike<\/span><\/a><\/p>\n<\/div>\n<div>\n<p><span lang=\"EN-US\">Kaynak: <\/span><a href=\"https:\/\/www.iol.co.za\/travel\/world\/europe\/south-africans-are-buying-property-in-these-top-european-destinations-1a1df52b-b6d2-4292-a370-c7ef66e723d5\"><span lang=\"EN-US\">https:\/\/www.iol.co.za\/travel\/world\/europe\/south-africans-are-buying-property-in-these-top-european-destinations-1a1df52b-b6d2-4292-a370-c7ef66e723d5<\/span><\/a><\/p>\n<\/div>\n<\/div>\n<div class=\"is-divider divider clearfix\" style=\"max-width:1100px;\"><\/div>\n\n\n\t\t<\/div>\n\t\t\t\t\t<\/div>\n\n\t\n\n<\/div>\n\n","protected":false},"excerpt":{"rendered":"","protected":false},"author":1,"featured_media":0,"parent":0,"menu_order":0,"comment_status":"closed","ping_status":"closed","template":"","meta":{"footnotes":""},"class_list":["post-4188","page","type-page","status-publish","hentry"],"_links":{"self":[{"href":"https:\/\/areagroup.me\/tr\/wp-json\/wp\/v2\/pages\/4188","targetHints":{"allow":["GET"]}}],"collection":[{"href":"https:\/\/areagroup.me\/tr\/wp-json\/wp\/v2\/pages"}],"about":[{"href":"https:\/\/areagroup.me\/tr\/wp-json\/wp\/v2\/types\/page"}],"author":[{"embeddable":true,"href":"https:\/\/areagroup.me\/tr\/wp-json\/wp\/v2\/users\/1"}],"replies":[{"embeddable":true,"href":"https:\/\/areagroup.me\/tr\/wp-json\/wp\/v2\/comments?post=4188"}],"version-history":[{"count":2,"href":"https:\/\/areagroup.me\/tr\/wp-json\/wp\/v2\/pages\/4188\/revisions"}],"predecessor-version":[{"id":4215,"href":"https:\/\/areagroup.me\/tr\/wp-json\/wp\/v2\/pages\/4188\/revisions\/4215"}],"wp:attachment":[{"href":"https:\/\/areagroup.me\/tr\/wp-json\/wp\/v2\/media?parent=4188"}],"curies":[{"name":"wp","href":"https:\/\/api.w.org\/{rel}","templated":true}]}}