{"id":3216,"date":"2020-08-25T10:59:48","date_gmt":"2020-08-25T10:59:48","guid":{"rendered":"http:\/\/areagroup.me\/projelerimiz\/"},"modified":"2021-04-20T12:55:42","modified_gmt":"2021-04-20T12:55:42","slug":"projelerimiz","status":"publish","type":"page","link":"https:\/\/areagroup.me\/tr\/projelerimiz\/","title":{"rendered":"PROJELER\u0130M\u0130Z"},"content":{"rendered":"\n\n  <div class=\"banner has-hover\" id=\"banner-1181401781\">\n          <div class=\"banner-inner fill\">\n        <div class=\"banner-bg fill\" >\n            <img loading=\"lazy\" decoding=\"async\" width=\"1020\" height=\"372\" src=\"https:\/\/areagroup.me\/wp-content\/uploads\/2020\/07\/pad-laminat-1400x510.jpg\" class=\"bg attachment-large size-large\" alt=\"\" \/>                                    \n                    <\/div>\n\t\t\n        <div class=\"banner-layers container\">\n            <div class=\"fill banner-link\"><\/div>            \n\n\t<div class=\"img has-hover x0 md-x0 lg-x0 y50 md-y50 lg-y50\" id=\"image_657398947\">\n\t\t\t\t\t\t<div data-animate=\"bounceInLeft\">\t\t<div class=\"img-inner dark\" >\n\t\t\t<img loading=\"lazy\" decoding=\"async\" width=\"600\" height=\"600\" src=\"https:\/\/areagroup.me\/wp-content\/uploads\/2020\/07\/Zgrada-senka.png\" class=\"attachment-large size-large\" alt=\"\" srcset=\"https:\/\/areagroup.me\/wp-content\/uploads\/2020\/07\/Zgrada-senka.png 600w, https:\/\/areagroup.me\/wp-content\/uploads\/2020\/07\/Zgrada-senka-100x100.png 100w, https:\/\/areagroup.me\/wp-content\/uploads\/2020\/07\/Zgrada-senka-400x400.png 400w, https:\/\/areagroup.me\/wp-content\/uploads\/2020\/07\/Zgrada-senka-280x280.png 280w\" sizes=\"auto, (max-width: 600px) 100vw, 600px\" \/>\t\t\t\t\t\t\n\t\t\t\t\t<\/div>\n\t\t<\/div>\t\t\t\t\t\t\n<style>\n#image_657398947 {\n  width: 30%;\n}\n<\/style>\n\t<\/div>\n\t\n\n\t<div class=\"img has-hover x100 md-x100 lg-x100 y50 md-y50 lg-y50\" id=\"image_112220460\">\n\t\t\t\t\t\t<div data-animate=\"bounceInDown\">\t\t<div class=\"img-inner dark\" >\n\t\t\t<img loading=\"lazy\" decoding=\"async\" width=\"727\" height=\"465\" src=\"https:\/\/areagroup.me\/wp-content\/uploads\/2020\/07\/Stambeni-ojekat-Savina-Park-11.png\" class=\"attachment-large size-large\" alt=\"\" srcset=\"https:\/\/areagroup.me\/wp-content\/uploads\/2020\/07\/Stambeni-ojekat-Savina-Park-11.png 727w, https:\/\/areagroup.me\/wp-content\/uploads\/2020\/07\/Stambeni-ojekat-Savina-Park-11-600x384.png 600w, https:\/\/areagroup.me\/wp-content\/uploads\/2020\/07\/Stambeni-ojekat-Savina-Park-11-625x400.png 625w\" sizes=\"auto, (max-width: 727px) 100vw, 727px\" \/>\t\t\t\t\t\t\n\t\t\t\t\t<\/div>\n\t\t<\/div>\t\t\t\t\t\t\n<style>\n#image_112220460 {\n  width: 43%;\n}\n<\/style>\n\t<\/div>\n\t\n\n\t<div class=\"img has-hover x25 md-x25 lg-x25 y50 md-y50 lg-y50\" id=\"image_1343561580\">\n\t\t\t\t\t\t<div data-animate=\"bounceInRight\">\t\t<div class=\"img-inner dark\" >\n\t\t\t<img loading=\"lazy\" decoding=\"async\" width=\"719\" height=\"525\" src=\"https:\/\/areagroup.me\/wp-content\/uploads\/2021\/04\/A-Blok-slidfer.png\" class=\"attachment-large size-large\" alt=\"\" srcset=\"https:\/\/areagroup.me\/wp-content\/uploads\/2021\/04\/A-Blok-slidfer.png 719w, https:\/\/areagroup.me\/wp-content\/uploads\/2021\/04\/A-Blok-slidfer-548x400.png 548w, https:\/\/areagroup.me\/wp-content\/uploads\/2021\/04\/A-Blok-slidfer-600x438.png 600w\" sizes=\"auto, (max-width: 719px) 100vw, 719px\" \/>\t\t\t\t\t\t\n\t\t\t\t\t<\/div>\n\t\t<\/div>\t\t\t\t\t\t\n<style>\n#image_1343561580 {\n  width: 42%;\n}\n<\/style>\n\t<\/div>\n\t\n\n\n        <\/div>\n      <\/div>\n\n            \n<style>\n#banner-1181401781 {\n  padding-top: 164px;\n}\n@media (min-width:550px) {\n  #banner-1181401781 {\n    padding-top: 400px;\n  }\n}\n<\/style>\n  <\/div>\n\n\n\n\t<section class=\"section\" id=\"section_159929951\">\n\t\t<div class=\"section-bg fill\" >\n\t\t\t\t\t\t\t\t\t\n\t\t\t\n\n\t\t<\/div>\n\n\t\t\n\n\t\t<div class=\"section-content relative\">\n\t\t\t\n\n<div class=\"row row-collapse align-middle align-center\"  id=\"row-2130315808\">\n\n\n\t<div id=\"col-952098019\" class=\"col medium-12 small-12 large-6\"  >\n\t\t\t\t<div class=\"col-inner\"  >\n\t\t\t\n\t\t\t\n\n<div class=\"row row-collapse align-center\" style=\"max-width:700px\" id=\"row-879322703\">\n\n\n\t<div id=\"col-199838430\" class=\"col medium-10 small-10 large-10\"  data-animate=\"fadeInLeft\">\n\t\t\t\t<div class=\"col-inner\"  >\n\t\t\t\n\t\t\t\n\n<h3><span style=\"font-size: 225%;\"><span class=\"fancy-underline\">Konut kompleksi<\/span><\/span><\/h3>\n<h3><span style=\"font-size: 225%;\">\u00a0&#8220;Astra&#8221;<\/span><\/h3>\n<p>Proje, Herceg Novi \u015fehrinin en umut verici b\u00f6lgelerden biri olan Meljine B\u00f6lgesinde bulunuyor. Denize uzakl\u0131k yakla\u015f\u0131k 150 metredir.<\/p>\n<p>B\u00f6lgenin d\u00fcz peyzaj\u0131, her ya\u015ftan insan i\u00e7in konforlu bir konaklama ortam\u0131 yaratmaktad\u0131r.<\/p>\n<a href=\"https:\/\/areagroup.me\/tr\/iletisim\/\" class=\"button success lowercase\"  style=\"border-radius:33px;padding:5px 20px 5px 25px;\">\n\t\t<span>\u0130LET\u0130\u015e\u0130M<\/span>\n\t<\/a>\n\n\n<a href=\"https:\/\/areagroup.me\/tr\/konut-kompleksi-astra\/\" class=\"button secondary is-link lowercase\"  style=\"border-radius:33px;\">\n\t\t<span>Daha fazla detay<\/span>\n\t<i class=\"icon-angle-right\" aria-hidden=\"true\" ><\/i><\/a>\n\n\n\n\t\t<\/div>\n\t\t\t\t\t<\/div>\n\n\t\n\n<\/div>\n\n\t\t<\/div>\n\t\t\t\t\n<style>\n#col-952098019 > .col-inner {\n  padding: 60px 0px 60px 0px;\n}\n<\/style>\n\t<\/div>\n\n\t\n\n\t<div id=\"col-15626356\" class=\"col medium-12 small-12 large-6 medium-col-first\"  >\n\t\t\t\t<div class=\"col-inner dark\"  >\n\t\t\t\n\t\t\t\n\n<div class=\"slider-wrapper relative\" id=\"slider-818907495\" >\n    <div class=\"slider slider-type-fade slider-nav-simple slider-nav-large slider-nav-light slider-style-normal slider-show-nav\"\n        data-flickity-options='{\n            \"cellAlign\": \"center\",\n            \"imagesLoaded\": true,\n            \"lazyLoad\": 1,\n            \"freeScroll\": false,\n            \"wrapAround\": true,\n            \"autoPlay\": 3000,\n            \"pauseAutoPlayOnHover\" : false,\n            \"prevNextButtons\": true,\n            \"contain\" : true,\n            \"adaptiveHeight\" : true,\n            \"dragThreshold\" : 10,\n            \"percentPosition\": true,\n            \"pageDots\": false,\n            \"rightToLeft\": false,\n            \"draggable\": true,\n            \"selectedAttraction\": 0.1,\n            \"parallax\" : 0,\n            \"friction\": 0.6        }'\n        >\n        \n\n\n  <div class=\"banner has-hover\" id=\"banner-1728124934\">\n          <div class=\"banner-inner fill\">\n        <div class=\"banner-bg fill\" >\n            <img loading=\"lazy\" decoding=\"async\" width=\"600\" height=\"466\" src=\"https:\/\/areagroup.me\/wp-content\/uploads\/2020\/07\/Astra-1.jpg\" class=\"bg attachment-large size-large\" alt=\"\" \/>                                    \n                    <\/div>\n\t\t\n        <div class=\"banner-layers container\">\n            <div class=\"fill banner-link\"><\/div>            \n\n   <div id=\"text-box-534423340\" class=\"text-box banner-layer x50 md-x50 lg-x50 y50 md-y50 lg-y50 res-text\">\n                                <div class=\"text-box-content text dark\">\n              \n              <div class=\"text-inner text-center\">\n                  \n\n\n              <\/div>\n           <\/div>\n                            \n<style>\n#text-box-534423340 {\n  width: 60%;\n}\n#text-box-534423340 .text-box-content {\n  font-size: 100%;\n}\n<\/style>\n    <\/div>\n \n\n        <\/div>\n      <\/div>\n\n            \n<style>\n#banner-1728124934 {\n  padding-top: 400px;\n}\n@media (min-width:850px) {\n  #banner-1728124934 {\n    padding-top: 500px;\n  }\n}\n<\/style>\n  <\/div>\n\n\n\n  <div class=\"banner has-hover\" id=\"banner-1838393339\">\n          <div class=\"banner-inner fill\">\n        <div class=\"banner-bg fill\" >\n            <img loading=\"lazy\" decoding=\"async\" width=\"600\" height=\"466\" src=\"https:\/\/areagroup.me\/wp-content\/uploads\/2020\/07\/Astra-2.jpg\" class=\"bg attachment-large size-large\" alt=\"\" \/>                                    \n                    <\/div>\n\t\t\n        <div class=\"banner-layers container\">\n            <div class=\"fill banner-link\"><\/div>            \n\n   <div id=\"text-box-1148739429\" class=\"text-box banner-layer x50 md-x50 lg-x50 y50 md-y50 lg-y50 res-text\">\n                                <div class=\"text-box-content text dark\">\n              \n              <div class=\"text-inner text-center\">\n                  \n\n\n              <\/div>\n           <\/div>\n                            \n<style>\n#text-box-1148739429 {\n  width: 60%;\n}\n#text-box-1148739429 .text-box-content {\n  font-size: 100%;\n}\n<\/style>\n    <\/div>\n \n\n        <\/div>\n      <\/div>\n\n            \n<style>\n#banner-1838393339 {\n  padding-top: 400px;\n}\n@media (min-width:850px) {\n  #banner-1838393339 {\n    padding-top: 500px;\n  }\n}\n<\/style>\n  <\/div>\n\n\n\n  <div class=\"banner has-hover\" id=\"banner-1261157640\">\n          <div class=\"banner-inner fill\">\n        <div class=\"banner-bg fill\" >\n            <img loading=\"lazy\" decoding=\"async\" width=\"600\" height=\"466\" src=\"https:\/\/areagroup.me\/wp-content\/uploads\/2020\/07\/Astra-555a.jpg\" class=\"bg attachment-large size-large\" alt=\"\" \/>                                    \n                    <\/div>\n\t\t\n        <div class=\"banner-layers container\">\n            <div class=\"fill banner-link\"><\/div>            \n\n   <div id=\"text-box-1272326013\" class=\"text-box banner-layer x50 md-x50 lg-x50 y50 md-y50 lg-y50 res-text\">\n                                <div class=\"text-box-content text dark\">\n              \n              <div class=\"text-inner text-center\">\n                  \n\n\n              <\/div>\n           <\/div>\n                            \n<style>\n#text-box-1272326013 {\n  width: 60%;\n}\n#text-box-1272326013 .text-box-content {\n  font-size: 100%;\n}\n<\/style>\n    <\/div>\n \n\n        <\/div>\n      <\/div>\n\n            \n<style>\n#banner-1261157640 {\n  padding-top: 400px;\n}\n@media (min-width:850px) {\n  #banner-1261157640 {\n    padding-top: 500px;\n  }\n}\n<\/style>\n  <\/div>\n\n\n\n     <\/div>\n\n     <div class=\"loading-spin dark large centered\"><\/div>\n\n\t<\/div>\n\n\n\n\t\t<\/div>\n\t\t\t\t\t<\/div>\n\n\t\n\n<\/div>\n\n\t\t<\/div>\n\n\t\t\n<style>\n#section_159929951 {\n  padding-top: 0px;\n  padding-bottom: 0px;\n}\n@media (min-width:550px) {\n  #section_159929951 {\n    padding-top: 0px;\n    padding-bottom: 0px;\n  }\n}\n<\/style>\n\t<\/section>\n\t\n\n\t<section class=\"section\" id=\"section_199099133\">\n\t\t<div class=\"section-bg fill\" >\n\t\t\t\t\t\t\t\t\t\n\t\t\t\n\n\t\t<\/div>\n\n\t\t\n\n\t\t<div class=\"section-content relative\">\n\t\t\t\n\n<div class=\"row row-collapse align-middle align-center\"  id=\"row-1012551440\">\n\n\n\t<div id=\"col-1344811269\" class=\"col medium-12 small-12 large-6 medium-col-first\"  >\n\t\t\t\t<div class=\"col-inner dark\"  >\n\t\t\t\n\t\t\t\n\n<div class=\"slider-wrapper relative\" id=\"slider-1423978692\" >\n    <div class=\"slider slider-type-fade slider-nav-simple slider-nav-large slider-nav-light slider-style-normal slider-show-nav\"\n        data-flickity-options='{\n            \"cellAlign\": \"center\",\n            \"imagesLoaded\": true,\n            \"lazyLoad\": 1,\n            \"freeScroll\": false,\n            \"wrapAround\": true,\n            \"autoPlay\": 3000,\n            \"pauseAutoPlayOnHover\" : false,\n            \"prevNextButtons\": true,\n            \"contain\" : true,\n            \"adaptiveHeight\" : true,\n            \"dragThreshold\" : 10,\n            \"percentPosition\": true,\n            \"pageDots\": false,\n            \"rightToLeft\": false,\n            \"draggable\": true,\n            \"selectedAttraction\": 0.1,\n            \"parallax\" : 0,\n            \"friction\": 0.6        }'\n        >\n        \n\n\n  <div class=\"banner has-hover\" id=\"banner-862182443\">\n          <div class=\"banner-inner fill\">\n        <div class=\"banner-bg fill\" >\n            <img loading=\"lazy\" decoding=\"async\" width=\"600\" height=\"466\" src=\"https:\/\/areagroup.me\/wp-content\/uploads\/2020\/07\/savina-park-1-1.jpg\" class=\"bg attachment-large size-large\" alt=\"\" \/>                                    \n                    <\/div>\n\t\t\n        <div class=\"banner-layers container\">\n            <div class=\"fill banner-link\"><\/div>            \n\n   <div id=\"text-box-298375207\" class=\"text-box banner-layer x50 md-x50 lg-x50 y50 md-y50 lg-y50 res-text\">\n                                <div class=\"text-box-content text dark\">\n              \n              <div class=\"text-inner text-center\">\n                  \n\n\n              <\/div>\n           <\/div>\n                            \n<style>\n#text-box-298375207 {\n  width: 60%;\n}\n#text-box-298375207 .text-box-content {\n  font-size: 100%;\n}\n<\/style>\n    <\/div>\n \n\n        <\/div>\n      <\/div>\n\n            \n<style>\n#banner-862182443 {\n  padding-top: 400px;\n}\n@media (min-width:850px) {\n  #banner-862182443 {\n    padding-top: 500px;\n  }\n}\n<\/style>\n  <\/div>\n\n\n\n  <div class=\"banner has-hover\" id=\"banner-212651439\">\n          <div class=\"banner-inner fill\">\n        <div class=\"banner-bg fill\" >\n            <img loading=\"lazy\" decoding=\"async\" width=\"600\" height=\"466\" src=\"https:\/\/areagroup.me\/wp-content\/uploads\/2020\/07\/savina-park-2.jpg\" class=\"bg attachment-large size-large\" alt=\"\" \/>                                    \n                    <\/div>\n\t\t\n        <div class=\"banner-layers container\">\n            <div class=\"fill banner-link\"><\/div>            \n\n   <div id=\"text-box-1200319727\" class=\"text-box banner-layer x50 md-x50 lg-x50 y50 md-y50 lg-y50 res-text\">\n                                <div class=\"text-box-content text dark\">\n              \n              <div class=\"text-inner text-center\">\n                  \n\n\n              <\/div>\n           <\/div>\n                            \n<style>\n#text-box-1200319727 {\n  width: 60%;\n}\n#text-box-1200319727 .text-box-content {\n  font-size: 100%;\n}\n<\/style>\n    <\/div>\n \n\n        <\/div>\n      <\/div>\n\n            \n<style>\n#banner-212651439 {\n  padding-top: 400px;\n}\n@media (min-width:850px) {\n  #banner-212651439 {\n    padding-top: 500px;\n  }\n}\n<\/style>\n  <\/div>\n\n\n\n     <\/div>\n\n     <div class=\"loading-spin dark large centered\"><\/div>\n\n\t<\/div>\n\n\n\n\t\t<\/div>\n\t\t\t\t\t<\/div>\n\n\t\n\n\t<div id=\"col-344000811\" class=\"col medium-12 small-12 large-6\"  >\n\t\t\t\t<div class=\"col-inner\"  >\n\t\t\t\n\t\t\t\n\n<div class=\"row row-collapse align-center\" style=\"max-width:700px\" id=\"row-863068381\">\n\n\n\t<div id=\"col-2077288334\" class=\"col medium-10 small-10 large-10\"  data-animate=\"fadeInLeft\">\n\t\t\t\t<div class=\"col-inner\"  >\n\t\t\t\n\t\t\t\n\n<h3><span style=\"font-size: 225%;\"><span class=\"fancy-underline\">Lux Kompleks<\/span><\/span><\/h3>\n<h3><span style=\"font-size: 225%;\">\u00a0&#8220;Savina park&#8221;<\/span><\/h3>\n<p>Savina Manast\u0131r\u0131&#8217;n\u0131n (Herceg Novi) tam kar\u015f\u0131s\u0131nda, denize yakla\u015f\u0131k 100 metre mesafede \u00f6zel bir konumda bulunan \u201cLUXURY\u201d s\u0131n\u0131f\u0131nda l\u00fcks bir projedir (konut binas\u0131).<\/p>\n<a href=\"https:\/\/areagroup.me\/tr\/iletisim\/\" class=\"button success lowercase\"  style=\"border-radius:33px;padding:5px 20px 5px 25px;\">\n\t\t<span>\u0130LET\u0130\u015e\u0130M<\/span>\n\t<\/a>\n\n\n<a href=\"https:\/\/areagroup.me\/tr\/lux-kompleks-savina-park\/\" class=\"button secondary is-link lowercase\"  style=\"border-radius:33px;\">\n\t\t<span>Daha fazla detay<\/span>\n\t<i class=\"icon-angle-right\" aria-hidden=\"true\" ><\/i><\/a>\n\n\n\n\t\t<\/div>\n\t\t\t\t\t<\/div>\n\n\t\n\n<\/div>\n\n\t\t<\/div>\n\t\t\t\t\n<style>\n#col-344000811 > .col-inner {\n  padding: 60px 0px 60px 0px;\n}\n<\/style>\n\t<\/div>\n\n\t\n\n<\/div>\n\n\t\t<\/div>\n\n\t\t\n<style>\n#section_199099133 {\n  padding-top: 0px;\n  padding-bottom: 0px;\n}\n@media (min-width:550px) {\n  #section_199099133 {\n    padding-top: 0px;\n    padding-bottom: 0px;\n  }\n}\n<\/style>\n\t<\/section>\n\t\n\n\t<section class=\"section\" id=\"section_1143122811\">\n\t\t<div class=\"section-bg fill\" >\n\t\t\t\t\t\t\t\t\t\n\t\t\t\n\n\t\t<\/div>\n\n\t\t\n\n\t\t<div class=\"section-content relative\">\n\t\t\t\n\n<div class=\"row row-collapse align-middle align-center\"  id=\"row-1386360168\">\n\n\n\t<div id=\"col-1716924877\" class=\"col medium-12 small-12 large-6\"  >\n\t\t\t\t<div class=\"col-inner\"  >\n\t\t\t\n\t\t\t\n\n<div class=\"row row-collapse align-center\" style=\"max-width:700px\" id=\"row-1881107690\">\n\n\n\t<div id=\"col-751069432\" class=\"col medium-10 small-10 large-10\"  data-animate=\"fadeInLeft\">\n\t\t\t\t<div class=\"col-inner\"  >\n\t\t\t\n\t\t\t\n\n<h3><span style=\"font-size: 225%;\"><span class=\"fancy-underline\">\u0130\u015f-konut binas\u0131<\/span><\/span><\/h3>\n<h3><span style=\"font-size: 225%;\">\u00a0&#8220;A BLOK&#8221; Bijela<\/span><\/h3>\n<p>Tesis, Kotor K\u00f6rfezi&#8217;nde, Herceg Novi belediyesinin sakin bir bal\u0131k\u00e7\u0131 k\u00f6y\u00fc olan Bijela&#8217;da bulunmaktad\u0131r. Beyaz \u00e7o\u011funlukla aile dostudur.\u00a0 Denize uzakl\u0131\u011f\u0131 yakla\u015f\u0131k 100 m&#8217;dir\u2026<\/p>\n<a href=\"https:\/\/areagroup.me\/tr\/iletisim\/\" class=\"button success lowercase\"  style=\"border-radius:33px;padding:5px 20px 5px 25px;\">\n\t\t<span>\u0130LET\u0130\u015e\u0130M<\/span>\n\t<\/a>\n\n\n<a href=\"https:\/\/areagroup.me\/tr\/is-konut-binasi-a-blok\/\" class=\"button secondary is-link lowercase\"  style=\"border-radius:33px;\">\n\t\t<span>Daha fazla detay<\/span>\n\t<i class=\"icon-angle-right\" aria-hidden=\"true\" ><\/i><\/a>\n\n\n\n\t\t<\/div>\n\t\t\t\t\t<\/div>\n\n\t\n\n<\/div>\n\n\t\t<\/div>\n\t\t\t\t\n<style>\n#col-1716924877 > .col-inner {\n  padding: 60px 0px 60px 0px;\n}\n<\/style>\n\t<\/div>\n\n\t\n\n\t<div id=\"col-73261861\" class=\"col medium-12 small-12 large-6 medium-col-first\"  >\n\t\t\t\t<div class=\"col-inner dark\"  >\n\t\t\t\n\t\t\t\n\n<div class=\"slider-wrapper relative\" id=\"slider-1221762056\" >\n    <div class=\"slider slider-type-fade slider-nav-simple slider-nav-large slider-nav-light slider-style-normal slider-show-nav\"\n        data-flickity-options='{\n            \"cellAlign\": \"center\",\n            \"imagesLoaded\": true,\n            \"lazyLoad\": 1,\n            \"freeScroll\": false,\n            \"wrapAround\": true,\n            \"autoPlay\": 3000,\n            \"pauseAutoPlayOnHover\" : false,\n            \"prevNextButtons\": true,\n            \"contain\" : true,\n            \"adaptiveHeight\" : true,\n            \"dragThreshold\" : 10,\n            \"percentPosition\": true,\n            \"pageDots\": false,\n            \"rightToLeft\": false,\n            \"draggable\": true,\n            \"selectedAttraction\": 0.1,\n            \"parallax\" : 0,\n            \"friction\": 0.6        }'\n        >\n        \n\n\n  <div class=\"banner has-hover\" id=\"banner-1318401698\">\n          <div class=\"banner-inner fill\">\n        <div class=\"banner-bg fill\" >\n            <img loading=\"lazy\" decoding=\"async\" width=\"600\" height=\"466\" src=\"https:\/\/areagroup.me\/wp-content\/uploads\/2021\/04\/Blok-A-3.jpg\" class=\"bg attachment-large size-large\" alt=\"\" \/>                                    \n                    <\/div>\n\t\t\n        <div class=\"banner-layers container\">\n            <div class=\"fill banner-link\"><\/div>            \n\n   <div id=\"text-box-123774899\" class=\"text-box banner-layer x50 md-x50 lg-x50 y50 md-y50 lg-y50 res-text\">\n                                <div class=\"text-box-content text dark\">\n              \n              <div class=\"text-inner text-center\">\n                  \n\n\n              <\/div>\n           <\/div>\n                            \n<style>\n#text-box-123774899 {\n  width: 60%;\n}\n#text-box-123774899 .text-box-content {\n  font-size: 100%;\n}\n<\/style>\n    <\/div>\n \n\n        <\/div>\n      <\/div>\n\n            \n<style>\n#banner-1318401698 {\n  padding-top: 400px;\n}\n@media (min-width:850px) {\n  #banner-1318401698 {\n    padding-top: 500px;\n  }\n}\n<\/style>\n  <\/div>\n\n\n\n  <div class=\"banner has-hover\" id=\"banner-1481012719\">\n          <div class=\"banner-inner fill\">\n        <div class=\"banner-bg fill\" >\n            <img loading=\"lazy\" decoding=\"async\" width=\"600\" height=\"466\" src=\"https:\/\/areagroup.me\/wp-content\/uploads\/2021\/04\/Blok-A-2.jpg\" class=\"bg attachment-large size-large\" alt=\"\" \/>                                    \n                    <\/div>\n\t\t\n        <div class=\"banner-layers container\">\n            <div class=\"fill banner-link\"><\/div>            \n\n   <div id=\"text-box-1595191818\" class=\"text-box banner-layer x50 md-x50 lg-x50 y50 md-y50 lg-y50 res-text\">\n                                <div class=\"text-box-content text dark\">\n              \n              <div class=\"text-inner text-center\">\n                  \n\n\n              <\/div>\n           <\/div>\n                            \n<style>\n#text-box-1595191818 {\n  width: 60%;\n}\n#text-box-1595191818 .text-box-content {\n  font-size: 100%;\n}\n<\/style>\n    <\/div>\n \n\n        <\/div>\n      <\/div>\n\n            \n<style>\n#banner-1481012719 {\n  padding-top: 400px;\n}\n@media (min-width:850px) {\n  #banner-1481012719 {\n    padding-top: 500px;\n  }\n}\n<\/style>\n  <\/div>\n\n\n\n  <div class=\"banner has-hover\" id=\"banner-641711787\">\n          <div class=\"banner-inner fill\">\n        <div class=\"banner-bg fill\" >\n            <img loading=\"lazy\" decoding=\"async\" width=\"600\" height=\"466\" src=\"https:\/\/areagroup.me\/wp-content\/uploads\/2021\/04\/Blok-A-1.jpg\" class=\"bg attachment-large size-large\" alt=\"\" \/>                                    \n                    <\/div>\n\t\t\n        <div class=\"banner-layers container\">\n            <div class=\"fill banner-link\"><\/div>            \n\n   <div id=\"text-box-1187355833\" class=\"text-box banner-layer x50 md-x50 lg-x50 y50 md-y50 lg-y50 res-text\">\n                                <div class=\"text-box-content text dark\">\n              \n              <div class=\"text-inner text-center\">\n                  \n\n\n              <\/div>\n           <\/div>\n                            \n<style>\n#text-box-1187355833 {\n  width: 60%;\n}\n#text-box-1187355833 .text-box-content {\n  font-size: 100%;\n}\n<\/style>\n    <\/div>\n \n\n        <\/div>\n      <\/div>\n\n            \n<style>\n#banner-641711787 {\n  padding-top: 400px;\n}\n@media (min-width:850px) {\n  #banner-641711787 {\n    padding-top: 500px;\n  }\n}\n<\/style>\n  <\/div>\n\n\n\n     <\/div>\n\n     <div class=\"loading-spin dark large centered\"><\/div>\n\n\t<\/div>\n\n\n\n\t\t<\/div>\n\t\t\t\t\t<\/div>\n\n\t\n\n<\/div>\n\t<div id=\"gap-1652826372\" class=\"gap-element clearfix\" style=\"display:block; height:auto;\">\n\t\t\n<style>\n#gap-1652826372 {\n  padding-top: 30px;\n}\n<\/style>\n\t<\/div>\n\t\n\n\n\t\t<\/div>\n\n\t\t\n<style>\n#section_1143122811 {\n  padding-top: 0px;\n  padding-bottom: 0px;\n}\n@media (min-width:550px) {\n  #section_1143122811 {\n    padding-top: 0px;\n    padding-bottom: 0px;\n  }\n}\n<\/style>\n\t<\/section>\n\t\n<div class=\"message-box relative dark\" style=\"padding-top:73px;padding-bottom:73px;\"><div class=\"message-box-bg-image bg-fill fill\" ><\/div><div class=\"message-box-bg-overlay bg-fill fill\" ><\/div><div class=\"container relative\"><div class=\"inner last-reset\">\n\n<div class=\"row align-middle align-center\"  id=\"row-1880208210\">\n\n\n\t<div id=\"col-1948397833\" class=\"col medium-9 small-12 large-9\"  >\n\t\t\t\t<div class=\"col-inner\"  >\n\t\t\t\n\t\t\t\n\n<h1><span class=\"fancy-underline\">SATICI \u0130LE \u0130LET\u0130\u015e\u0130ME GE\u00c7\u0130N\u00a0<\/span><\/h1>\n<p>Arac\u0131s\u0131z do\u011frudan sat\u0131\u015f<\/p>\n\n\t\t<\/div>\n\t\t\t\t\t<\/div>\n\n\t\n\n\t<div id=\"col-251640013\" class=\"col medium-2 small-12 large-2\"  >\n\t\t\t\t<div class=\"col-inner text-center\"  >\n\t\t\t\n\t\t\t\n\n<a href=\"https:\/\/areagroup.me\/tr\/iletisim\/\" class=\"button primary\"  >\n\t\t<span>\u0130LET\u0130\u015e\u0130M<\/span>\n\t<\/a>\n\n\n\n\t\t<\/div>\n\t\t\t\t\t<\/div>\n\n\t\n\n<\/div>\n\n<\/div><\/div><\/div>\n\n","protected":false},"excerpt":{"rendered":"","protected":false},"author":1,"featured_media":0,"parent":0,"menu_order":0,"comment_status":"closed","ping_status":"closed","template":"page-blank.php","meta":{"footnotes":""},"class_list":["post-3216","page","type-page","status-publish","hentry"],"_links":{"self":[{"href":"https:\/\/areagroup.me\/tr\/wp-json\/wp\/v2\/pages\/3216","targetHints":{"allow":["GET"]}}],"collection":[{"href":"https:\/\/areagroup.me\/tr\/wp-json\/wp\/v2\/pages"}],"about":[{"href":"https:\/\/areagroup.me\/tr\/wp-json\/wp\/v2\/types\/page"}],"author":[{"embeddable":true,"href":"https:\/\/areagroup.me\/tr\/wp-json\/wp\/v2\/users\/1"}],"replies":[{"embeddable":true,"href":"https:\/\/areagroup.me\/tr\/wp-json\/wp\/v2\/comments?post=3216"}],"version-history":[{"count":25,"href":"https:\/\/areagroup.me\/tr\/wp-json\/wp\/v2\/pages\/3216\/revisions"}],"predecessor-version":[{"id":4139,"href":"https:\/\/areagroup.me\/tr\/wp-json\/wp\/v2\/pages\/3216\/revisions\/4139"}],"wp:attachment":[{"href":"https:\/\/areagroup.me\/tr\/wp-json\/wp\/v2\/media?parent=3216"}],"curies":[{"name":"wp","href":"https:\/\/api.w.org\/{rel}","templated":true}]}}