{"id":3208,"date":"2020-08-25T10:53:03","date_gmt":"2020-08-25T10:53:03","guid":{"rendered":"http:\/\/areagroup.me\/iletisim\/"},"modified":"2020-11-09T22:07:25","modified_gmt":"2020-11-09T22:07:25","slug":"iletisim","status":"publish","type":"page","link":"https:\/\/areagroup.me\/tr\/iletisim\/","title":{"rendered":"\u0130LET\u0130\u015e\u0130M"},"content":{"rendered":"\n\n  <div class=\"banner has-hover\" id=\"banner-586792527\">\n          <div class=\"banner-inner fill\">\n        <div class=\"banner-bg fill\" >\n            <img loading=\"lazy\" decoding=\"async\" width=\"1020\" height=\"160\" src=\"https:\/\/areagroup.me\/wp-content\/uploads\/2020\/07\/Herrceg-Novi-1400x219.jpg\" class=\"bg attachment-large size-large\" alt=\"\" \/>                        <div class=\"overlay\"><\/div>            \n                    <\/div>\n\t\t\n        <div class=\"banner-layers container\">\n            <div class=\"fill banner-link\"><\/div>            \n\n   <div id=\"text-box-2054197245\" class=\"text-box banner-layer x50 md-x50 lg-x50 y50 md-y50 lg-y50 res-text\">\n                                <div class=\"text-box-content text dark\">\n              \n              <div class=\"text-inner text-center\">\n                  \n\n<h3>B\u0130ZE ULA\u015eIN<\/h3>\n<p>Projeler, daire sat\u0131\u015f\u0131 ve \u00f6deme se\u00e7enekleri ile ilgili t\u00fcm bilgiler i\u00e7in bizi aramaktan \u00e7ekinmeyin, t\u00fcm sorular\u0131n\u0131z\u0131 cevaplamaktan mutluluk duyar\u0131z.<\/p>\n\n              <\/div>\n           <\/div>\n                            \n<style>\n#text-box-2054197245 {\n  width: 60%;\n}\n#text-box-2054197245 .text-box-content {\n  font-size: 100%;\n}\n<\/style>\n    <\/div>\n \n\n        <\/div>\n      <\/div>\n\n            \n<style>\n#banner-586792527 {\n  padding-top: 300px;\n}\n#banner-586792527 .overlay {\n  background-color: rgba(0, 0, 0, 0.54);\n}\n<\/style>\n  <\/div>\n\n\n<div class=\"row\"  id=\"row-619453562\">\n\n\n\t<div id=\"col-701736249\" class=\"col medium-6 small-12 large-6\"  >\n\t\t\t\t<div class=\"col-inner\"  >\n\t\t\t\n\t\t\t\n\n\t<div class=\"img has-hover x md-x lg-x y md-y lg-y\" id=\"image_643073677\">\n\t\t\t\t\t\t\t\t<div class=\"img-inner dark\" >\n\t\t\t<img loading=\"lazy\" decoding=\"async\" width=\"620\" height=\"422\" src=\"https:\/\/areagroup.me\/wp-content\/uploads\/2020\/07\/Bay_of_Kotor.jpg\" class=\"attachment-large size-large\" alt=\"\" srcset=\"https:\/\/areagroup.me\/wp-content\/uploads\/2020\/07\/Bay_of_Kotor.jpg 620w, https:\/\/areagroup.me\/wp-content\/uploads\/2020\/07\/Bay_of_Kotor-600x408.jpg 600w, https:\/\/areagroup.me\/wp-content\/uploads\/2020\/07\/Bay_of_Kotor-588x400.jpg 588w\" sizes=\"auto, (max-width: 620px) 100vw, 620px\" \/>\t\t\t\t\t\t\n\t\t\t\t\t<\/div>\n\t\t\t\t\t\t\t\t\n<style>\n#image_643073677 {\n  width: 100%;\n}\n<\/style>\n\t<\/div>\n\t\n\n\n\t\t<\/div>\n\t\t\t\t\t<\/div>\n\n\t\n\n\t<div id=\"col-282196204\" class=\"col medium-6 small-12 large-6\"  >\n\t\t\t\t<div class=\"col-inner\"  >\n\t\t\t\n\t\t\t\n\n<div class=\"container section-title-container\" ><h3 class=\"section-title section-title-center\"><b><\/b><span class=\"section-title-main\" >\u0130LET\u0130\u015e\u0130M<\/span><b><\/b><\/h3><\/div>\n\n<p>ADRES:\u00a0Bokeshke brigade 10,<br \/>Herceg Novi, Karada\u011f, 85340<\/p>\n<p>Posta:\u00a0<a href=\"mailto:areagroup.me@gmail.com\">areagroup.me@gmail.com<\/a><\/p>\n\n\t\t<\/div>\n\t\t\t\t\t<\/div>\n\n\t\n\n<\/div>\n\n","protected":false},"excerpt":{"rendered":"","protected":false},"author":1,"featured_media":0,"parent":0,"menu_order":0,"comment_status":"closed","ping_status":"closed","template":"page-blank.php","meta":{"footnotes":""},"class_list":["post-3208","page","type-page","status-publish","hentry"],"_links":{"self":[{"href":"https:\/\/areagroup.me\/tr\/wp-json\/wp\/v2\/pages\/3208","targetHints":{"allow":["GET"]}}],"collection":[{"href":"https:\/\/areagroup.me\/tr\/wp-json\/wp\/v2\/pages"}],"about":[{"href":"https:\/\/areagroup.me\/tr\/wp-json\/wp\/v2\/types\/page"}],"author":[{"embeddable":true,"href":"https:\/\/areagroup.me\/tr\/wp-json\/wp\/v2\/users\/1"}],"replies":[{"embeddable":true,"href":"https:\/\/areagroup.me\/tr\/wp-json\/wp\/v2\/comments?post=3208"}],"version-history":[{"count":7,"href":"https:\/\/areagroup.me\/tr\/wp-json\/wp\/v2\/pages\/3208\/revisions"}],"predecessor-version":[{"id":3893,"href":"https:\/\/areagroup.me\/tr\/wp-json\/wp\/v2\/pages\/3208\/revisions\/3893"}],"wp:attachment":[{"href":"https:\/\/areagroup.me\/tr\/wp-json\/wp\/v2\/media?parent=3208"}],"curies":[{"name":"wp","href":"https:\/\/api.w.org\/{rel}","templated":true}]}}