{"id":3140,"date":"2020-08-25T07:30:14","date_gmt":"2020-08-25T07:30:14","guid":{"rendered":"http:\/\/areagroup.me\/sirket-hakkinda\/"},"modified":"2020-08-25T07:32:10","modified_gmt":"2020-08-25T07:32:10","slug":"sirket-hakkinda","status":"publish","type":"page","link":"https:\/\/areagroup.me\/tr\/sirket-hakkinda\/","title":{"rendered":"\u015e\u0130RKET HAKKINDA"},"content":{"rendered":"\n\n  <div class=\"banner has-hover\" id=\"banner-940980445\">\n          <div class=\"banner-inner fill\">\n        <div class=\"banner-bg fill\" >\n            <img loading=\"lazy\" decoding=\"async\" width=\"1020\" height=\"160\" src=\"https:\/\/areagroup.me\/wp-content\/uploads\/2020\/07\/mapa-11-1400x219.jpg\" class=\"bg attachment-large size-large\" alt=\"\" \/>                                    \n                    <\/div>\n\t\t\n        <div class=\"banner-layers container\">\n            <div class=\"fill banner-link\"><\/div>            \n\n   <div id=\"text-box-1520491557\" class=\"text-box banner-layer x50 md-x50 lg-x50 y50 md-y50 lg-y50 res-text\">\n                                <div class=\"text-box-content text dark\">\n              \n              <div class=\"text-inner text-center\">\n                  \n\n\n              <\/div>\n           <\/div>\n                            \n<style>\n#text-box-1520491557 {\n  width: 60%;\n}\n#text-box-1520491557 .text-box-content {\n  font-size: 100%;\n}\n<\/style>\n    <\/div>\n \n\n        <\/div>\n      <\/div>\n\n            \n<style>\n#banner-940980445 {\n  padding-top: 300px;\n}\n#banner-940980445 .banner-bg img {\n  object-position: 50% 47%;\n}\n<\/style>\n  <\/div>\n\n\n\t<div id=\"gap-638970393\" class=\"gap-element clearfix\" style=\"display:block; height:auto;\">\n\t\t\n<style>\n#gap-638970393 {\n  padding-top: 51px;\n}\n<\/style>\n\t<\/div>\n\t\n\n<div class=\"row row-collapse\"  id=\"row-401236680\">\n\n\n\t<div id=\"col-566017272\" class=\"col medium-6 small-12 large-6\"  >\n\t\t\t\t<div class=\"col-inner\"  >\n\t\t\t\n\t\t\t\n\n<div class=\"container section-title-container\" ><h3 class=\"section-title section-title-center\"><b><\/b><span class=\"section-title-main\" >HAKKIMIZDA<\/span><b><\/b><\/h3><\/div>\n\n<p>Yat\u0131r\u0131m projelerinin uygulanmas\u0131nda 15 y\u0131l\u0131 a\u015fk\u0131n deneyim, elde edilen sonu\u00e7lara dayanarak, Herceg Novi \u015fehrinde kendimizi lider geli\u015ftirme \u015firketi olarak adland\u0131rmam\u0131z\u0131 sa\u011flad\u0131.<\/p>\n<p>\u00a0\u00a0\u00a0\u00a0\u00a0\u00a0\u00a0\u00a0 Uluslararas\u0131 y\u00f6netim ekibimiz, her projeye yeni, daha g\u00fczel, modern, daha i\u015flevsel bir \u015fey veren profesyonellerden olu\u015fuyor &#8230;<\/p>\n<p>\u00a0\u00a0\u00a0\u00a0\u00a0\u00a0\u00a0\u00a0 D\u00fczinelerce memnun m\u00fc\u015fteri bizim en iyi referans\u0131m\u0131zd\u0131r !!!<\/p>\n<p>Rekabette her zaman bir veya iki ad\u0131m \u00f6ndeyiz ve ba\u015far\u0131lar\u0131m\u0131za e\u015flik eden kelimeler: &#8220;Kalite \u00f6nce gelir&#8221;.<\/p>\n<p>\u00a0\u00a0\u00a0\u00a0\u00a0\u00a0\u00a0 \u00d6n\u00fcm\u00fczdeki d\u00f6nemde b\u00fcy\u00fck imar planlar\u0131m\u0131z var, apartman kompleksleri, i\u015f ve rezidans binalar\u0131, apart oteller, al\u0131\u015fveri\u015f merkezi, spor kompleksi yapmaya ba\u015flayaca\u011f\u0131z &#8230;<\/p>\n<p>Daima m\u00fc\u015fterilerimizin hizmetindeyiz !!!<\/p>\n<p>&#8220;AREA GROUP&#8221; doo Herceg Novi Ekibi<\/p>\n\n\t\t<\/div>\n\t\t\t\t\t<\/div>\n\n\t\n\n\t<div id=\"col-180577260\" class=\"col medium-6 small-12 large-6\"  >\n\t\t\t\t<div class=\"col-inner\"  >\n\t\t\t\n\t\t\t\n\n<div class=\"slider-wrapper relative\" id=\"slider-1091982124\" >\n    <div class=\"slider slider-nav-circle slider-nav-large slider-nav-light slider-style-focus\"\n        data-flickity-options='{\n            \"cellAlign\": \"center\",\n            \"imagesLoaded\": true,\n            \"lazyLoad\": 1,\n            \"freeScroll\": false,\n            \"wrapAround\": true,\n            \"autoPlay\": 6000,\n            \"pauseAutoPlayOnHover\" : true,\n            \"prevNextButtons\": true,\n            \"contain\" : true,\n            \"adaptiveHeight\" : true,\n            \"dragThreshold\" : 10,\n            \"percentPosition\": true,\n            \"pageDots\": true,\n            \"rightToLeft\": false,\n            \"draggable\": true,\n            \"selectedAttraction\": 0.1,\n            \"parallax\" : 0,\n            \"friction\": 0.6        }'\n        >\n        \n\n\t<div class=\"img has-hover x md-x lg-x y md-y lg-y\" id=\"image_576299533\">\n\t\t\t\t\t\t\t\t<div class=\"img-inner dark\" >\n\t\t\t<img loading=\"lazy\" decoding=\"async\" width=\"350\" height=\"550\" src=\"https:\/\/areagroup.me\/wp-content\/uploads\/2020\/07\/O-kompaniji-Area-Group-11.jpg\" class=\"attachment-large size-large\" alt=\"\" srcset=\"https:\/\/areagroup.me\/wp-content\/uploads\/2020\/07\/O-kompaniji-Area-Group-11.jpg 350w, https:\/\/areagroup.me\/wp-content\/uploads\/2020\/07\/O-kompaniji-Area-Group-11-255x400.jpg 255w\" sizes=\"auto, (max-width: 350px) 100vw, 350px\" \/>\t\t\t\t\t\t\n\t\t\t\t\t<\/div>\n\t\t\t\t\t\t\t\t\n<style>\n#image_576299533 {\n  width: 79%;\n}\n<\/style>\n\t<\/div>\n\t\n\n\t<div class=\"img has-hover x md-x lg-x y md-y lg-y\" id=\"image_496274664\">\n\t\t\t\t\t\t\t\t<div class=\"img-inner dark\" >\n\t\t\t<img loading=\"lazy\" decoding=\"async\" width=\"350\" height=\"550\" src=\"https:\/\/areagroup.me\/wp-content\/uploads\/2020\/07\/O-kompaniji-Area-Group-12.jpg\" class=\"attachment-large size-large\" alt=\"\" srcset=\"https:\/\/areagroup.me\/wp-content\/uploads\/2020\/07\/O-kompaniji-Area-Group-12.jpg 350w, https:\/\/areagroup.me\/wp-content\/uploads\/2020\/07\/O-kompaniji-Area-Group-12-255x400.jpg 255w\" sizes=\"auto, (max-width: 350px) 100vw, 350px\" \/>\t\t\t\t\t\t\n\t\t\t\t\t<\/div>\n\t\t\t\t\t\t\t\t\n<style>\n#image_496274664 {\n  width: 70%;\n}\n<\/style>\n\t<\/div>\n\t\n\n\t<div class=\"img has-hover x md-x lg-x y md-y lg-y\" id=\"image_1475339489\">\n\t\t\t\t\t\t\t\t<div class=\"img-inner dark\" >\n\t\t\t<img loading=\"lazy\" decoding=\"async\" width=\"350\" height=\"550\" src=\"https:\/\/areagroup.me\/wp-content\/uploads\/2020\/07\/O-kompaniji-Area-Group-15.jpg\" class=\"attachment-large size-large\" alt=\"\" srcset=\"https:\/\/areagroup.me\/wp-content\/uploads\/2020\/07\/O-kompaniji-Area-Group-15.jpg 350w, https:\/\/areagroup.me\/wp-content\/uploads\/2020\/07\/O-kompaniji-Area-Group-15-255x400.jpg 255w\" sizes=\"auto, (max-width: 350px) 100vw, 350px\" \/>\t\t\t\t\t\t\n\t\t\t\t\t<\/div>\n\t\t\t\t\t\t\t\t\n<style>\n#image_1475339489 {\n  width: 100%;\n}\n<\/style>\n\t<\/div>\n\t\n\n\t<div class=\"img has-hover x md-x lg-x y md-y lg-y\" id=\"image_1690287823\">\n\t\t\t\t\t\t\t\t<div class=\"img-inner dark\" >\n\t\t\t<img loading=\"lazy\" decoding=\"async\" width=\"350\" height=\"550\" src=\"https:\/\/areagroup.me\/wp-content\/uploads\/2020\/07\/O-kompaniji-Area-Group-13.jpg\" class=\"attachment-large size-large\" alt=\"\" srcset=\"https:\/\/areagroup.me\/wp-content\/uploads\/2020\/07\/O-kompaniji-Area-Group-13.jpg 350w, https:\/\/areagroup.me\/wp-content\/uploads\/2020\/07\/O-kompaniji-Area-Group-13-255x400.jpg 255w\" sizes=\"auto, (max-width: 350px) 100vw, 350px\" \/>\t\t\t\t\t\t\n\t\t\t\t\t<\/div>\n\t\t\t\t\t\t\t\t\n<style>\n#image_1690287823 {\n  width: 70%;\n}\n<\/style>\n\t<\/div>\n\t\n\n\t<div class=\"img has-hover x md-x lg-x y md-y lg-y\" id=\"image_188423382\">\n\t\t\t\t\t\t\t\t<div class=\"img-inner dark\" >\n\t\t\t<img loading=\"lazy\" decoding=\"async\" width=\"350\" height=\"550\" src=\"https:\/\/areagroup.me\/wp-content\/uploads\/2020\/07\/O-kompaniji-Area-Group-14.jpg\" class=\"attachment-large size-large\" alt=\"\" srcset=\"https:\/\/areagroup.me\/wp-content\/uploads\/2020\/07\/O-kompaniji-Area-Group-14.jpg 350w, https:\/\/areagroup.me\/wp-content\/uploads\/2020\/07\/O-kompaniji-Area-Group-14-255x400.jpg 255w\" sizes=\"auto, (max-width: 350px) 100vw, 350px\" \/>\t\t\t\t\t\t\n\t\t\t\t\t<\/div>\n\t\t\t\t\t\t\t\t\n<style>\n#image_188423382 {\n  width: 100%;\n}\n<\/style>\n\t<\/div>\n\t\n\n\n     <\/div>\n\n     <div class=\"loading-spin dark large centered\"><\/div>\n\n\t\n<style>\n#slider-1091982124 .flickity-slider > * {\n  max-width: 338px!important;\n}\n<\/style>\n<\/div>\n\n\n\n\t\t<\/div>\n\t\t\t\t\t<\/div>\n\n\t\n\n<\/div>\n\t<div id=\"gap-2105584812\" class=\"gap-element clearfix\" style=\"display:block; height:auto;\">\n\t\t\n<style>\n#gap-2105584812 {\n  padding-top: 56px;\n}\n<\/style>\n\t<\/div>\n\t\n\n\n","protected":false},"excerpt":{"rendered":"","protected":false},"author":1,"featured_media":0,"parent":0,"menu_order":0,"comment_status":"closed","ping_status":"closed","template":"page-blank.php","meta":{"footnotes":""},"class_list":["post-3140","page","type-page","status-publish","hentry"],"_links":{"self":[{"href":"https:\/\/areagroup.me\/tr\/wp-json\/wp\/v2\/pages\/3140","targetHints":{"allow":["GET"]}}],"collection":[{"href":"https:\/\/areagroup.me\/tr\/wp-json\/wp\/v2\/pages"}],"about":[{"href":"https:\/\/areagroup.me\/tr\/wp-json\/wp\/v2\/types\/page"}],"author":[{"embeddable":true,"href":"https:\/\/areagroup.me\/tr\/wp-json\/wp\/v2\/users\/1"}],"replies":[{"embeddable":true,"href":"https:\/\/areagroup.me\/tr\/wp-json\/wp\/v2\/comments?post=3140"}],"version-history":[{"count":5,"href":"https:\/\/areagroup.me\/tr\/wp-json\/wp\/v2\/pages\/3140\/revisions"}],"predecessor-version":[{"id":3145,"href":"https:\/\/areagroup.me\/tr\/wp-json\/wp\/v2\/pages\/3140\/revisions\/3145"}],"wp:attachment":[{"href":"https:\/\/areagroup.me\/tr\/wp-json\/wp\/v2\/media?parent=3140"}],"curies":[{"name":"wp","href":"https:\/\/api.w.org\/{rel}","templated":true}]}}