{"id":3132,"date":"2020-08-25T07:23:05","date_gmt":"2020-08-25T07:23:05","guid":{"rendered":"http:\/\/areagroup.me\/akcijska-cijena\/"},"modified":"2020-08-25T07:29:40","modified_gmt":"2020-08-25T07:29:40","slug":"akcijska-cijena","status":"publish","type":"page","link":"https:\/\/areagroup.me\/tr\/akcijska-cijena\/","title":{"rendered":"\u0130ndirimli Fiyatlar"},"content":{"rendered":"\n\n  <div class=\"banner has-hover\" id=\"banner-426516174\">\n          <div class=\"banner-inner fill\">\n        <div class=\"banner-bg fill\" >\n            <img loading=\"lazy\" decoding=\"async\" width=\"1020\" height=\"574\" src=\"https:\/\/areagroup.me\/wp-content\/uploads\/2020\/07\/Penthaus-18.jpg\" class=\"bg attachment-large size-large\" alt=\"\" \/>                        <div class=\"overlay\"><\/div>            \n                    <\/div>\n\t\t\n        <div class=\"banner-layers container\">\n            <div class=\"fill banner-link\"><\/div>            \n\n   <div id=\"text-box-924868240\" class=\"text-box banner-layer x50 md-x50 lg-x50 y50 md-y50 lg-y50 res-text\">\n                                <div class=\"text-box-content text dark\">\n              \n              <div class=\"text-inner text-center\">\n                  \n\n<h3 class=\"uppercase\"><strong>\u0130ndirimli Fiyatlar<\/strong><\/h3>\n\n              <\/div>\n           <\/div>\n                            \n<style>\n#text-box-924868240 {\n  width: 60%;\n}\n#text-box-924868240 .text-box-content {\n  font-size: 100%;\n}\n<\/style>\n    <\/div>\n \n\n        <\/div>\n      <\/div>\n\n            \n<style>\n#banner-426516174 {\n  padding-top: 300px;\n}\n#banner-426516174 .overlay {\n  background-color: rgba(0, 0, 0, 0.54);\n}\n#banner-426516174 .banner-bg img {\n  object-position: 36% 88%;\n}\n<\/style>\n  <\/div>\n\n\n<div class=\"row\"  id=\"row-1155237698\">\n\n\n\t<div id=\"col-1699535219\" class=\"col medium-8 small-12 large-8\"  >\n\t\t\t\t<div class=\"col-inner\"  >\n\t\t\t\n\t\t\t\n\n\t<div id=\"gap-837846274\" class=\"gap-element clearfix\" style=\"display:block; height:auto;\">\n\t\t\n<style>\n#gap-837846274 {\n  padding-top: 162px;\n}\n<\/style>\n\t<\/div>\n\t\n\n<h3>KAMPANYALAR !!! S\u00dcPER TEKL\u0130FLER !!!<\/h3>\n<p>85.000 Euro&#8217;dan 90.000 Euro&#8217;ya Kiral\u0131k L\u00fcks Dairelerin Sat\u0131\u015f\u0131 (49m2-51m2).<\/p>\n<p>Daireler, hem turizm sezonunda hem de y\u0131l boyunca kiralamak i\u00e7in idealdir, \u00e7\u00fcnk\u00fc bunlara olan talep \u00e7ok y\u00fcksektir ve arz \u015fu anda neredeyse hi\u00e7 yoktur.<\/p>\n<p>Konumu \u00e7ok pop\u00fclerdir ve dairelerin kalitesinin Herceg Novi \u015fehrinde e\u015f de\u011feri yoktur.<\/p>\n<p>Hava-Su ve Fancoil \u0131s\u0131 pompalar\u0131 kullanan tesislerimizde \u0131s\u0131tma ve so\u011futma i\u00e7in \u0131s\u0131tma teknolojisini ilk ve tek kullanan firmay\u0131z.<\/p>\n<div class=\"row\"  id=\"row-576870091\">\n\n<p>&#13;<br \/>\n&#13;<\/p>\n\n\t<div id=\"col-1822634826\" class=\"col small-12 large-12\"  >\n\t\t\t\t<div class=\"col-inner\"  >\n\t\t\t\n\t\t\t\n\n\t<div class=\"img has-hover x md-x lg-x y md-y lg-y\" id=\"image_1993294584\">\n\t\t\t\t\t\t\t\t<div class=\"img-inner dark\" >\n\t\t\t<img loading=\"lazy\" decoding=\"async\" width=\"1020\" height=\"721\" src=\"https:\/\/areagroup.me\/wp-content\/uploads\/2020\/07\/ASTRA-Plan-u-bojama-extra-1131x800.jpg\" class=\"attachment-large size-large\" alt=\"\" srcset=\"https:\/\/areagroup.me\/wp-content\/uploads\/2020\/07\/ASTRA-Plan-u-bojama-extra-1131x800.jpg 1131w, https:\/\/areagroup.me\/wp-content\/uploads\/2020\/07\/ASTRA-Plan-u-bojama-extra-600x424.jpg 600w, https:\/\/areagroup.me\/wp-content\/uploads\/2020\/07\/ASTRA-Plan-u-bojama-extra-566x400.jpg 566w, https:\/\/areagroup.me\/wp-content\/uploads\/2020\/07\/ASTRA-Plan-u-bojama-extra-768x543.jpg 768w, https:\/\/areagroup.me\/wp-content\/uploads\/2020\/07\/ASTRA-Plan-u-bojama-extra-1536x1086.jpg 1536w, https:\/\/areagroup.me\/wp-content\/uploads\/2020\/07\/ASTRA-Plan-u-bojama-extra.jpg 1920w\" sizes=\"auto, (max-width: 1020px) 100vw, 1020px\" \/>\t\t\t\t\t\t\n\t\t\t\t\t<\/div>\n\t\t\t\t\t\t\t\t\n<style>\n#image_1993294584 {\n  width: 100%;\n}\n<\/style>\n\t<\/div>\n\t\n\n\n\t\t<\/div>\n\t\t\t\t\t<\/div>\n\n\t\n<p>&#13;<br \/>\n&#13;<\/p>\n\n<\/div>\n\n\t\t<\/div>\n\t\t\t\t\t<\/div>\n\n\t\n\n\t<div id=\"col-1122720272\" class=\"col medium-4 small-12 large-4\"  >\n\t\t\t\t<div class=\"col-inner\"  >\n\t\t\t\n\t\t\t\n\n\t<div id=\"gap-322515119\" class=\"gap-element clearfix\" style=\"display:block; height:auto;\">\n\t\t\n<style>\n#gap-322515119 {\n  padding-top: 43px;\n}\n<\/style>\n\t<\/div>\n\t\n\n<div class=\"slider-wrapper relative\" id=\"slider-2030252035\" >\n    <div class=\"slider slider-nav-circle slider-nav-large slider-nav-light slider-style-normal\"\n        data-flickity-options='{\n            \"cellAlign\": \"center\",\n            \"imagesLoaded\": true,\n            \"lazyLoad\": 1,\n            \"freeScroll\": false,\n            \"wrapAround\": true,\n            \"autoPlay\": 6000,\n            \"pauseAutoPlayOnHover\" : true,\n            \"prevNextButtons\": true,\n            \"contain\" : true,\n            \"adaptiveHeight\" : true,\n            \"dragThreshold\" : 10,\n            \"percentPosition\": true,\n            \"pageDots\": true,\n            \"rightToLeft\": false,\n            \"draggable\": true,\n            \"selectedAttraction\": 0.1,\n            \"parallax\" : 0,\n            \"friction\": 0.6        }'\n        >\n        \n\n\t<div class=\"img has-hover x md-x lg-x y md-y lg-y\" id=\"image_1190947814\">\n\t\t\t\t\t\t\t\t<div class=\"img-inner dark\" >\n\t\t\t<img loading=\"lazy\" decoding=\"async\" width=\"350\" height=\"550\" src=\"https:\/\/areagroup.me\/wp-content\/uploads\/2020\/07\/O-kompaniji-Area-Group-11.jpg\" class=\"attachment-large size-large\" alt=\"\" srcset=\"https:\/\/areagroup.me\/wp-content\/uploads\/2020\/07\/O-kompaniji-Area-Group-11.jpg 350w, https:\/\/areagroup.me\/wp-content\/uploads\/2020\/07\/O-kompaniji-Area-Group-11-255x400.jpg 255w\" sizes=\"auto, (max-width: 350px) 100vw, 350px\" \/>\t\t\t\t\t\t\n\t\t\t\t\t<\/div>\n\t\t\t\t\t\t\t\t\n<style>\n#image_1190947814 {\n  width: 100%;\n}\n<\/style>\n\t<\/div>\n\t\n\n\t<div class=\"img has-hover x md-x lg-x y md-y lg-y\" id=\"image_559552631\">\n\t\t\t\t\t\t\t\t<div class=\"img-inner dark\" >\n\t\t\t<img loading=\"lazy\" decoding=\"async\" width=\"350\" height=\"550\" src=\"https:\/\/areagroup.me\/wp-content\/uploads\/2020\/07\/O-kompaniji-Area-Group-12.jpg\" class=\"attachment-large size-large\" alt=\"\" srcset=\"https:\/\/areagroup.me\/wp-content\/uploads\/2020\/07\/O-kompaniji-Area-Group-12.jpg 350w, https:\/\/areagroup.me\/wp-content\/uploads\/2020\/07\/O-kompaniji-Area-Group-12-255x400.jpg 255w\" sizes=\"auto, (max-width: 350px) 100vw, 350px\" \/>\t\t\t\t\t\t\n\t\t\t\t\t<\/div>\n\t\t\t\t\t\t\t\t\n<style>\n#image_559552631 {\n  width: 100%;\n}\n<\/style>\n\t<\/div>\n\t\n\n\t<div class=\"img has-hover x md-x lg-x y md-y lg-y\" id=\"image_349965013\">\n\t\t\t\t\t\t\t\t<div class=\"img-inner dark\" >\n\t\t\t<img loading=\"lazy\" decoding=\"async\" width=\"350\" height=\"550\" src=\"https:\/\/areagroup.me\/wp-content\/uploads\/2020\/07\/O-kompaniji-Area-Group-15.jpg\" class=\"attachment-large size-large\" alt=\"\" srcset=\"https:\/\/areagroup.me\/wp-content\/uploads\/2020\/07\/O-kompaniji-Area-Group-15.jpg 350w, https:\/\/areagroup.me\/wp-content\/uploads\/2020\/07\/O-kompaniji-Area-Group-15-255x400.jpg 255w\" sizes=\"auto, (max-width: 350px) 100vw, 350px\" \/>\t\t\t\t\t\t\n\t\t\t\t\t<\/div>\n\t\t\t\t\t\t\t\t\n<style>\n#image_349965013 {\n  width: 100%;\n}\n<\/style>\n\t<\/div>\n\t\n\n\t<div class=\"img has-hover x md-x lg-x y md-y lg-y\" id=\"image_1179562339\">\n\t\t\t\t\t\t\t\t<div class=\"img-inner dark\" >\n\t\t\t<img loading=\"lazy\" decoding=\"async\" width=\"350\" height=\"550\" src=\"https:\/\/areagroup.me\/wp-content\/uploads\/2020\/07\/O-kompaniji-Area-Group-16.jpg\" class=\"attachment-large size-large\" alt=\"\" srcset=\"https:\/\/areagroup.me\/wp-content\/uploads\/2020\/07\/O-kompaniji-Area-Group-16.jpg 350w, https:\/\/areagroup.me\/wp-content\/uploads\/2020\/07\/O-kompaniji-Area-Group-16-255x400.jpg 255w\" sizes=\"auto, (max-width: 350px) 100vw, 350px\" \/>\t\t\t\t\t\t\n\t\t\t\t\t<\/div>\n\t\t\t\t\t\t\t\t\n<style>\n#image_1179562339 {\n  width: 100%;\n}\n<\/style>\n\t<\/div>\n\t\n\n\n     <\/div>\n\n     <div class=\"loading-spin dark large centered\"><\/div>\n\n\t<\/div>\n\n\n\n\t\t<\/div>\n\t\t\t\t\t<\/div>\n\n\t\n\n<\/div>\n\n  \n    <div class=\"row large-columns-4 medium-columns-3 small-columns-2\" >\n  <div class=\"gallery-col col\" >\n          <div class=\"col-inner\">\n            <a class=\"image-lightbox lightbox-gallery\" href=\"https:\/\/areagroup.me\/wp-content\/uploads\/2020\/07\/Astra-5.jpg\" title=\"\">            <div class=\"box has-hover gallery-box box-overlay dark\">\n              <div class=\"box-image\" >\n                <img loading=\"lazy\" decoding=\"async\" width=\"515\" height=\"400\" src=\"https:\/\/areagroup.me\/wp-content\/uploads\/2020\/07\/Astra-5-515x400.jpg\" class=\"attachment-medium size-medium\" alt=\"\" ids=\"786,463,462,958\" srcset=\"https:\/\/areagroup.me\/wp-content\/uploads\/2020\/07\/Astra-5-515x400.jpg 515w, https:\/\/areagroup.me\/wp-content\/uploads\/2020\/07\/Astra-5.jpg 600w\" sizes=\"auto, (max-width: 515px) 100vw, 515px\" \/>                                  <div class=\"overlay fill\"\n                      style=\"background-color: rgba(0,0,0,.15)\">\n                  <\/div>\n                                                              <\/div>\n              <div class=\"box-text text-left\" >\n                 <p><\/p>\n              <\/div>\n            <\/div>\n            <\/a>          <\/div>\n         <\/div><div class=\"gallery-col col\" >\n          <div class=\"col-inner\">\n            <a class=\"image-lightbox lightbox-gallery\" href=\"https:\/\/areagroup.me\/wp-content\/uploads\/2020\/07\/Astra-1.jpg\" title=\"\">            <div class=\"box has-hover gallery-box box-overlay dark\">\n              <div class=\"box-image\" >\n                <img loading=\"lazy\" decoding=\"async\" width=\"515\" height=\"400\" src=\"https:\/\/areagroup.me\/wp-content\/uploads\/2020\/07\/Astra-1-515x400.jpg\" class=\"attachment-medium size-medium\" alt=\"\" ids=\"786,463,462,958\" srcset=\"https:\/\/areagroup.me\/wp-content\/uploads\/2020\/07\/Astra-1-515x400.jpg 515w, https:\/\/areagroup.me\/wp-content\/uploads\/2020\/07\/Astra-1.jpg 600w\" sizes=\"auto, (max-width: 515px) 100vw, 515px\" \/>                                  <div class=\"overlay fill\"\n                      style=\"background-color: rgba(0,0,0,.15)\">\n                  <\/div>\n                                                              <\/div>\n              <div class=\"box-text text-left\" >\n                 <p><\/p>\n              <\/div>\n            <\/div>\n            <\/a>          <\/div>\n         <\/div><div class=\"gallery-col col\" >\n          <div class=\"col-inner\">\n            <a class=\"image-lightbox lightbox-gallery\" href=\"https:\/\/areagroup.me\/wp-content\/uploads\/2020\/07\/Astra-2.jpg\" title=\"\">            <div class=\"box has-hover gallery-box box-overlay dark\">\n              <div class=\"box-image\" >\n                <img loading=\"lazy\" decoding=\"async\" width=\"515\" height=\"400\" src=\"https:\/\/areagroup.me\/wp-content\/uploads\/2020\/07\/Astra-2-515x400.jpg\" class=\"attachment-medium size-medium\" alt=\"\" ids=\"786,463,462,958\" srcset=\"https:\/\/areagroup.me\/wp-content\/uploads\/2020\/07\/Astra-2-515x400.jpg 515w, https:\/\/areagroup.me\/wp-content\/uploads\/2020\/07\/Astra-2.jpg 600w\" sizes=\"auto, (max-width: 515px) 100vw, 515px\" \/>                                  <div class=\"overlay fill\"\n                      style=\"background-color: rgba(0,0,0,.15)\">\n                  <\/div>\n                                                              <\/div>\n              <div class=\"box-text text-left\" >\n                 <p><\/p>\n              <\/div>\n            <\/div>\n            <\/a>          <\/div>\n         <\/div><div class=\"gallery-col col\" >\n          <div class=\"col-inner\">\n            <a class=\"image-lightbox lightbox-gallery\" href=\"https:\/\/areagroup.me\/wp-content\/uploads\/2020\/07\/Astra-555.jpg\" title=\"\">            <div class=\"box has-hover gallery-box box-overlay dark\">\n              <div class=\"box-image\" >\n                <img loading=\"lazy\" decoding=\"async\" width=\"515\" height=\"400\" src=\"https:\/\/areagroup.me\/wp-content\/uploads\/2020\/07\/Astra-555-515x400.jpg\" class=\"attachment-medium size-medium\" alt=\"\" ids=\"786,463,462,958\" srcset=\"https:\/\/areagroup.me\/wp-content\/uploads\/2020\/07\/Astra-555-515x400.jpg 515w, https:\/\/areagroup.me\/wp-content\/uploads\/2020\/07\/Astra-555.jpg 600w\" sizes=\"auto, (max-width: 515px) 100vw, 515px\" \/>                                  <div class=\"overlay fill\"\n                      style=\"background-color: rgba(0,0,0,.15)\">\n                  <\/div>\n                                                              <\/div>\n              <div class=\"box-text text-left\" >\n                 <p><\/p>\n              <\/div>\n            <\/div>\n            <\/a>          <\/div>\n         <\/div><\/div>\n\n\n","protected":false},"excerpt":{"rendered":"","protected":false},"author":1,"featured_media":0,"parent":0,"menu_order":0,"comment_status":"closed","ping_status":"closed","template":"page-blank.php","meta":{"footnotes":""},"class_list":["post-3132","page","type-page","status-publish","hentry"],"_links":{"self":[{"href":"https:\/\/areagroup.me\/tr\/wp-json\/wp\/v2\/pages\/3132","targetHints":{"allow":["GET"]}}],"collection":[{"href":"https:\/\/areagroup.me\/tr\/wp-json\/wp\/v2\/pages"}],"about":[{"href":"https:\/\/areagroup.me\/tr\/wp-json\/wp\/v2\/types\/page"}],"author":[{"embeddable":true,"href":"https:\/\/areagroup.me\/tr\/wp-json\/wp\/v2\/users\/1"}],"replies":[{"embeddable":true,"href":"https:\/\/areagroup.me\/tr\/wp-json\/wp\/v2\/comments?post=3132"}],"version-history":[{"count":7,"href":"https:\/\/areagroup.me\/tr\/wp-json\/wp\/v2\/pages\/3132\/revisions"}],"predecessor-version":[{"id":3139,"href":"https:\/\/areagroup.me\/tr\/wp-json\/wp\/v2\/pages\/3132\/revisions\/3139"}],"wp:attachment":[{"href":"https:\/\/areagroup.me\/tr\/wp-json\/wp\/v2\/media?parent=3132"}],"curies":[{"name":"wp","href":"https:\/\/api.w.org\/{rel}","templated":true}]}}